{"id":8004,"date":"2025-11-29T11:17:22","date_gmt":"2025-11-29T07:17:22","guid":{"rendered":"https:\/\/takeabreath.mu\/product\/ebony-forest-de-la-reserve-de-chamarel\/"},"modified":"2026-03-09T17:13:06","modified_gmt":"2026-03-09T13:13:06","slug":"ebony-forest-de-la-reserve-de-chamarel","status":"publish","type":"product","link":"https:\/\/takeabreath.mu\/fr\/produits\/ebony-forest-de-la-reserve-de-chamarel\/","title":{"rendered":"Ebony Forest de la r\u00e9serve de Chamarel"},"content":{"rendered":"<p>Si le Dodo \u00e9tait vivant aujourd&#8217;hui, vous le verriez \u00e0 Ebony Forest, la for\u00eat end\u00e9mique la mieux pr\u00e9serv\u00e9e de Maurice. Venez nous rendre visite et soutenez nos projets de conservation et de restauration de la for\u00eat. Passez quelques heures ou toute la journ\u00e9e \u00e0 explorer la nature, faire de la randonn\u00e9e, observer les oiseaux, profiter des plus belles vues de Maurice, prot\u00e9ger certaines des esp\u00e8ces de flore et de faune les plus menac\u00e9es au monde et bien plus encore.  <\/p>\n","protected":false},"excerpt":{"rendered":"<p>Si le Dodo \u00e9tait vivant aujourd&#8217;hui, vous le verriez \u00e0 Ebony Forest, la for\u00eat end\u00e9mique la mieux pr\u00e9serv\u00e9e de Maurice. Venez nous rendre visite et soutenez nos projets de conservation et de restauration de la for\u00eat. Passez quelques heures ou toute la journ\u00e9e \u00e0 explorer la nature, faire de la randonn\u00e9e, observer les oiseaux, profiter [&hellip;]<\/p>\n","protected":false},"featured_media":7977,"comment_status":"closed","ping_status":"closed","template":"","meta":{"_acf_changed":false},"product_brand":[],"product_cat":[1400,1401,1402],"product_tag":[],"class_list":{"0":"post-8004","1":"product","2":"type-product","3":"status-publish","4":"has-post-thumbnail","6":"product_cat-itineraire-du-sud","7":"product_cat-nature-et-conservation","8":"product_cat-observation-des-oiseaux","9":"country-maurice","11":"first","12":"instock","13":"virtual","14":"purchasable","15":"product-type-simple"},"exclude_global_add_ons":false,"addons":[{"name":"Take a Hike - Par personne de plus de 18 ans - Partage","type":"input_multiplier","position":0,"required":false,"title_format":"label","default":"","description_enable":false,"description":null,"placeholder_enable":false,"placeholder":null,"display":"select","restrictions_type":"any_text","adjust_price":true,"price":"510","price_type":"quantity_based","restrictions":false,"min":"0","max":"0","options":[],"id":1764330223},{"name":"Take a Hike - Par personne de 5-17 ans - Partage","type":"input_multiplier","position":1,"required":false,"title_format":"label","default":"","description_enable":false,"description":null,"placeholder_enable":false,"placeholder":null,"display":"select","restrictions_type":"any_text","adjust_price":true,"price":"310","price_type":"quantity_based","restrictions":false,"min":"0","max":"0","options":[],"id":1764330224},{"name":"Take a Hike - Par personne de 5-17 ans - Partage","type":"input_multiplier","position":2,"required":false,"title_format":"label","default":"","description_enable":false,"description":null,"placeholder_enable":false,"placeholder":null,"display":"select","restrictions_type":"any_text","adjust_price":true,"price":"","price_type":"quantity_based","restrictions":false,"min":"0","max":"0","options":[],"id":1764330225},{"name":"Take a Drive - Par personne de plus de 18 ans - Partage","type":"input_multiplier","position":3,"required":false,"title_format":"label","default":"","description_enable":false,"description":null,"placeholder_enable":false,"placeholder":null,"display":"select","restrictions_type":"any_text","adjust_price":true,"price":"1430","price_type":"quantity_based","restrictions":false,"min":"0","max":"0","options":[],"id":1764330226},{"name":"Take a Drive - Par personne de 5-17 ans - Partage","type":"input_multiplier","position":4,"required":false,"title_format":"label","default":"","description_enable":false,"description":null,"placeholder_enable":false,"placeholder":null,"display":"select","restrictions_type":"any_text","adjust_price":true,"price":"990","price_type":"quantity_based","restrictions":false,"min":"0","max":"0","options":[],"id":1764330227},{"name":"Love Tree - Par personne de plus de 18 ans - Partage","type":"input_multiplier","position":5,"required":false,"title_format":"label","default":"","description_enable":false,"description":null,"placeholder_enable":false,"placeholder":null,"display":"select","restrictions_type":"any_text","adjust_price":true,"price":"2090","price_type":"quantity_based","restrictions":false,"min":"0","max":"0","options":[],"id":1764330228},{"name":"Love Tree - Par personne de 5-17 ans - Partage","type":"input_multiplier","position":6,"required":false,"title_format":"label","default":"","description_enable":false,"description":null,"placeholder_enable":false,"placeholder":null,"display":"select","restrictions_type":"any_text","adjust_price":true,"price":"1430","price_type":"quantity_based","restrictions":false,"min":"0","max":"0","options":[],"id":1764330229},{"name":"Sublime Sundowner - Par personne de plus de 18 ans - Partage","type":"input_multiplier","position":7,"required":false,"title_format":"label","default":"","description_enable":false,"description":null,"placeholder_enable":false,"placeholder":null,"display":"select","restrictions_type":"any_text","adjust_price":true,"price":"3960","price_type":"quantity_based","restrictions":false,"min":"0","max":"0","options":[],"id":1764330230},{"name":"Sublime Sundowner - Par personne de 5-17 ans - Partage","type":"input_multiplier","position":8,"required":false,"title_format":"label","default":"","description_enable":false,"description":null,"placeholder_enable":false,"placeholder":null,"display":"select","restrictions_type":"any_text","adjust_price":true,"price":"2200","price_type":"quantity_based","restrictions":false,"min":"0","max":"0","options":[],"id":1764330231},{"name":"Sublime Sundowner + Plant a Tree - Par personne de plus de 18 ans - Partage","type":"input_multiplier","position":9,"required":false,"title_format":"label","default":"","description_enable":false,"description":null,"placeholder_enable":false,"placeholder":null,"display":"select","restrictions_type":"any_text","adjust_price":true,"price":"4260","price_type":"quantity_based","restrictions":false,"min":"0","max":"0","options":[],"id":1764412499},{"name":"Sublime Sundowner + Plant a Tree - Par personne de 5-17 ans - Partage","type":"input_multiplier","position":10,"required":false,"title_format":"label","default":"","description_enable":false,"description":null,"placeholder_enable":false,"placeholder":null,"display":"select","restrictions_type":"any_text","adjust_price":true,"price":"2500","price_type":"quantity_based","restrictions":false,"min":"0","max":"0","options":[],"id":1764412500},{"name":"Observation des oiseaux - Par personne de plus de 18 ans - Partage","type":"input_multiplier","position":11,"required":false,"title_format":"label","default":"","description_enable":false,"description":null,"placeholder_enable":false,"placeholder":null,"display":"select","restrictions_type":"any_text","adjust_price":true,"price":"2200","price_type":"quantity_based","restrictions":false,"min":"0","max":"0","options":[],"id":1764412501},{"name":"Observation des oiseaux - Par personne 5-17 ans - Partage","type":"input_multiplier","position":12,"required":false,"title_format":"label","default":"","description_enable":false,"description":null,"placeholder_enable":false,"placeholder":null,"display":"select","restrictions_type":"any_text","adjust_price":true,"price":"1430","price_type":"quantity_based","restrictions":false,"min":"0","max":"0","options":[],"id":1764412502},{"name":"Green Loop - Par personne de plus de 18 ans - Partage","type":"input_multiplier","position":13,"required":false,"title_format":"label","default":"","description_enable":false,"description":null,"placeholder_enable":false,"placeholder":null,"display":"select","restrictions_type":"any_text","adjust_price":true,"price":"260","price_type":"quantity_based","restrictions":false,"min":"0","max":"0","options":[],"id":1764412503},{"name":"Observation des oiseaux - Par personne 5-17 ans - Partage","type":"input_multiplier","position":14,"required":false,"title_format":"label","default":"","description_enable":false,"description":null,"placeholder_enable":false,"placeholder":null,"display":"select","restrictions_type":"any_text","adjust_price":true,"price":"200","price_type":"quantity_based","restrictions":false,"min":"0","max":"0","options":[],"id":1764412504},{"name":"Date de r\u00e9servation","type":"custom_text","position":0,"required":true,"title_format":"label","default":"","description_enable":false,"description":"","placeholder_enable":false,"placeholder":"","display":"select","restrictions_type":"any_text","adjust_price":false,"price":"","price_type":"flat_fee","restrictions":false,"min":"0","max":"0","options":[],"id":1669760350}],"acf":[],"_links":{"self":[{"href":"https:\/\/takeabreath.mu\/fr\/wp-json\/wp\/v2\/product\/8004","targetHints":{"allow":["GET"]}}],"collection":[{"href":"https:\/\/takeabreath.mu\/fr\/wp-json\/wp\/v2\/product"}],"about":[{"href":"https:\/\/takeabreath.mu\/fr\/wp-json\/wp\/v2\/types\/product"}],"replies":[{"embeddable":true,"href":"https:\/\/takeabreath.mu\/fr\/wp-json\/wp\/v2\/comments?post=8004"}],"wp:featuredmedia":[{"embeddable":true,"href":"https:\/\/takeabreath.mu\/fr\/wp-json\/wp\/v2\/media\/7977"}],"wp:attachment":[{"href":"https:\/\/takeabreath.mu\/fr\/wp-json\/wp\/v2\/media?parent=8004"}],"wp:term":[{"taxonomy":"product_brand","embeddable":true,"href":"https:\/\/takeabreath.mu\/fr\/wp-json\/wp\/v2\/product_brand?post=8004"},{"taxonomy":"product_cat","embeddable":true,"href":"https:\/\/takeabreath.mu\/fr\/wp-json\/wp\/v2\/product_cat?post=8004"},{"taxonomy":"product_tag","embeddable":true,"href":"https:\/\/takeabreath.mu\/fr\/wp-json\/wp\/v2\/product_tag?post=8004"}],"curies":[{"name":"wp","href":"https:\/\/api.w.org\/{rel}","templated":true}]}}