{"id":7866,"date":"2025-10-17T08:24:08","date_gmt":"2025-10-17T04:24:08","guid":{"rendered":"https:\/\/takeabreath.mu\/product\/plongee-en-sous-marin-a-lile-maurice\/"},"modified":"2025-11-13T21:28:33","modified_gmt":"2025-11-13T17:28:33","slug":"plongee-en-sous-marin-a-lile-maurice","status":"publish","type":"product","link":"https:\/\/takeabreath.mu\/fr\/produits\/plongee-en-sous-marin-a-lile-maurice\/","title":{"rendered":"Plong\u00e9e en sous-marin \u00e0 l\u2019\u00eele Maurice"},"content":{"rendered":"<p>Embarquez pour un voyage captivant avec notre sous-marin certifi\u00e9 BS 1100, garantissant s\u00e9curit\u00e9 et confort tout au long de votre plong\u00e9e de 40 minutes \u00e0 une profondeur de 35 m\u00e8tres. D\u00e9couvrez des r\u00e9cifs coralliens vibrants, rencontrez des \u00e9paves historiques comme l&#8217;Ancre de Fer du XVIIe si\u00e8cle et le Star Hope, et \u00e9merveillez-vous devant la vie marine color\u00e9e tout en assistant \u00e0 l&#8217;immersion en direct du sous-marin et au fonctionnement fascinant des vannes pneumatiques. C&#8217;est une exploration inoubliable des merveilles sous-marines de Maurice !   <strong>Parfait pour les familles en qu\u00eate de sensations fortes et de souvenirs \u00e0 ch\u00e9rir !<\/strong><\/p>\n<p>Plong\u00e9e en sous-marin \u00e0 Maurice : Une exp\u00e9rience m\u00e9morable, palpitante et unique \u00e0 partager en famille.<\/p>\n<p>Profitez de l&#8217;opportunit\u00e9 de vivre une exp\u00e9rience unique, passionnante et m\u00e9morable: plonger avec le sous-marin BS 1100 (10 places plus le pilote) \u00e0 35 m\u00e8tres de profondeur. Une exp\u00e9rience merveilleuse \u00e0 partager avec votre famille! <\/p>\n<p>Pendant cette plong\u00e9e de 40 minutes, vous pourrez admirer les r\u00e9cifs coralliens, la fantastique \u00e9pave du Star Hope, une ancre de mis\u00e9ricorde du XVIIe si\u00e8cle, et tout au long du parcours, des myriades de poissons color\u00e9s comme le poisson chirurgien, le capitaine ou le poisson-roi.<\/p>\n<p>Le BS 1100 est con\u00e7u et \u00e9quip\u00e9 comme l&#8217;arch\u00e9type du sous-marin l\u00e9gendaire, avec des fen\u00eatres individuelles donnant sur le monde sous-marin. A l&#8217;int\u00e9rieur de la cabine, on peut suivre en direct sur un \u00e9cran de t\u00e9l\u00e9vision l&#8217;impressionnante immersion du sous-marin film\u00e9e par une cam\u00e9ra depuis le pont. <\/p>\n<p>Vous appr\u00e9cierez le mouvement fascinant des vannes pneumatiques activant les ballasts.<\/p>\n<p><strong>C&#8217;est une exp\u00e9rience \u00e0 ne pas manquer, que l&#8217;on ait 2 ou 90 ans !<\/strong><\/p>\n","protected":false},"excerpt":{"rendered":"<p>Embarquez pour un voyage captivant avec notre sous-marin certifi\u00e9 BS 1100, garantissant s\u00e9curit\u00e9 et confort tout au long de votre plong\u00e9e de 40 minutes \u00e0 une profondeur de 35 m\u00e8tres. D\u00e9couvrez des r\u00e9cifs coralliens vibrants, rencontrez des \u00e9paves historiques comme l&#8217;Ancre de Fer du XVIIe si\u00e8cle et le Star Hope, et \u00e9merveillez-vous devant la vie [&hellip;]<\/p>\n","protected":false},"featured_media":7897,"comment_status":"closed","ping_status":"closed","template":"","meta":{"_acf_changed":false},"product_brand":[],"product_cat":[1385,1383],"product_tag":[],"class_list":{"0":"post-7866","1":"product","2":"type-product","3":"status-publish","4":"has-post-thumbnail","6":"product_cat-itineraire-du-nord","7":"product_cat-plongee-en-sous-marin","8":"country-maurice","10":"first","11":"instock","12":"virtual","13":"purchasable","14":"product-type-simple"},"exclude_global_add_ons":false,"addons":[{"name":"Par personne de plus de 11 ans","type":"input_multiplier","position":0,"required":false,"title_format":"label","default":"","description_enable":false,"description":null,"placeholder_enable":false,"placeholder":null,"display":"select","restrictions_type":"any_text","adjust_price":true,"price":"5950","price_type":"quantity_based","restrictions":false,"min":"0","max":"0","options":[],"id":1760689449},{"name":"Par personne de 3-11 ans","type":"input_multiplier","position":1,"required":false,"title_format":"label","default":"","description_enable":false,"description":null,"placeholder_enable":false,"placeholder":null,"display":"select","restrictions_type":"any_text","adjust_price":true,"price":"3650","price_type":"quantity_based","restrictions":false,"min":"0","max":"0","options":[],"id":1760689450},{"name":"Par personne de 9 mois - 2 ans","type":"input_multiplier","position":2,"required":false,"title_format":"label","default":"","description_enable":false,"description":null,"placeholder_enable":false,"placeholder":null,"display":"select","restrictions_type":"any_text","adjust_price":true,"price":"1800","price_type":"quantity_based","restrictions":false,"min":"0","max":"0","options":[],"id":1760689451},{"name":"Date de r\u00e9servation","type":"custom_text","position":0,"required":true,"title_format":"label","default":"","description_enable":false,"description":"","placeholder_enable":false,"placeholder":"","display":"select","restrictions_type":"any_text","adjust_price":false,"price":"","price_type":"flat_fee","restrictions":false,"min":"0","max":"0","options":[],"id":1669760350}],"acf":[],"_links":{"self":[{"href":"https:\/\/takeabreath.mu\/fr\/wp-json\/wp\/v2\/product\/7866","targetHints":{"allow":["GET"]}}],"collection":[{"href":"https:\/\/takeabreath.mu\/fr\/wp-json\/wp\/v2\/product"}],"about":[{"href":"https:\/\/takeabreath.mu\/fr\/wp-json\/wp\/v2\/types\/product"}],"replies":[{"embeddable":true,"href":"https:\/\/takeabreath.mu\/fr\/wp-json\/wp\/v2\/comments?post=7866"}],"wp:featuredmedia":[{"embeddable":true,"href":"https:\/\/takeabreath.mu\/fr\/wp-json\/wp\/v2\/media\/7897"}],"wp:attachment":[{"href":"https:\/\/takeabreath.mu\/fr\/wp-json\/wp\/v2\/media?parent=7866"}],"wp:term":[{"taxonomy":"product_brand","embeddable":true,"href":"https:\/\/takeabreath.mu\/fr\/wp-json\/wp\/v2\/product_brand?post=7866"},{"taxonomy":"product_cat","embeddable":true,"href":"https:\/\/takeabreath.mu\/fr\/wp-json\/wp\/v2\/product_cat?post=7866"},{"taxonomy":"product_tag","embeddable":true,"href":"https:\/\/takeabreath.mu\/fr\/wp-json\/wp\/v2\/product_tag?post=7866"}],"curies":[{"name":"wp","href":"https:\/\/api.w.org\/{rel}","templated":true}]}}