{"id":7752,"date":"2025-09-23T15:43:26","date_gmt":"2025-09-23T11:43:26","guid":{"rendered":"https:\/\/takeabreath.mu\/product\/decouvrir-les-itineraires-de-lile-maurice\/"},"modified":"2026-03-09T17:53:16","modified_gmt":"2026-03-09T13:53:16","slug":"decouvrir-les-itineraires-de-lile-maurice","status":"publish","type":"product","link":"https:\/\/takeabreath.mu\/fr\/produits\/decouvrir-les-itineraires-de-lile-maurice\/","title":{"rendered":"D\u00e9couvrir les itin\u00e9raires de l&#8217;Ile Maurice"},"content":{"rendered":"<p>Montez \u00e0 bord de notre transfert d\u00e9di\u00e9 et partez \u00e0 la d\u00e9couverte du meilleur de Maurice.<\/p>\n<p>Que ce soit l&#8217;itin\u00e9raire du Nord ou celui du Sud, vous \u00eates s\u00fbr de trouver quelque chose qui vous tient \u00e0 c\u0153ur.<\/p>\n<p>Asseyez-vous simplement et laissez-vous guider par notre chauffeur professionnel.<\/p>\n<p>Vous \u00eates pr\u00eat pour un incroyable voyage de 8 heures.<\/p>\n","protected":false},"excerpt":{"rendered":"<p>Montez \u00e0 bord de notre transfert d\u00e9di\u00e9 et partez \u00e0 la d\u00e9couverte du meilleur de Maurice. Que ce soit l&#8217;itin\u00e9raire du Nord ou celui du Sud, vous \u00eates s\u00fbr de trouver quelque chose qui vous tient \u00e0 c\u0153ur. Asseyez-vous simplement et laissez-vous guider par notre chauffeur professionnel. Vous \u00eates pr\u00eat pour un incroyable voyage de [&hellip;]<\/p>\n","protected":false},"featured_media":7756,"comment_status":"closed","ping_status":"closed","template":"","meta":{"_acf_changed":false},"product_brand":[],"product_cat":[1385,1400,1407],"product_tag":[],"class_list":{"0":"post-7752","1":"product","2":"type-product","3":"status-publish","4":"has-post-thumbnail","6":"product_cat-itineraire-du-nord","7":"product_cat-itineraire-du-sud","8":"product_cat-port-louis-tour","9":"country-maurice","11":"first","12":"instock","13":"virtual","14":"purchasable","15":"product-type-simple"},"exclude_global_add_ons":false,"addons":[{"name":"L'itin\u00e9raire du Sud - Rhumerie de Chamarel","type":"multiple_choice","position":0,"required":false,"title_format":"label","default":"","description_enable":true,"description":"Billets pour la Rhumerie de Chamarel et le G\u00e9oparc de Chamarel inclus.\nD\u00e9jeuner non inclus","placeholder_enable":false,"placeholder":null,"display":"select","restrictions_type":"any_text","adjust_price":false,"price":"","price_type":"flat_fee","restrictions":false,"min":"0","max":"0","options":[{"label":"Pour une Personne","price":"5865","price_type":"flat_fee","image":0,"visibility":true},{"label":"Pour 2 Personnes","price":"7475","price_type":"flat_fee","image":0,"visibility":true},{"label":"Pour 3 Personnes","price":"9085","price_type":"flat_fee","image":0,"visibility":true},{"label":"Pour 4 Personnes","price":"10695","price_type":"flat_fee","image":0,"visibility":true},{"label":"Pour 5 Personnes","price":"14030","price_type":"flat_fee","image":0,"visibility":true},{"label":"Pour 6 Personnes","price":"15640","price_type":"flat_fee","image":0,"visibility":true},{"label":"Pour 7 Personnes","price":"17250","price_type":"flat_fee","image":0,"visibility":true},{"label":"Pour 8 Personnes","price":"18860","price_type":"flat_fee","image":0,"visibility":true},{"label":"Pour 9 Personnes","price":"20470","price_type":"flat_fee","image":0,"visibility":true}],"id":1758642191},{"name":"L'itin\u00e9raire du Sud - Le parc de Crocodile","type":"multiple_choice","position":1,"required":false,"title_format":"label","default":"","description_enable":true,"description":"Billets pour le Mus\u00e9e du Th\u00e9 Bois Ch\u00e9ri et le Parc des Crocodiles inclus.\nD\u00e9jeuner non inclus","placeholder_enable":false,"placeholder":null,"display":"select","restrictions_type":"any_text","adjust_price":false,"price":"","price_type":"flat_fee","restrictions":false,"min":"0","max":"0","options":[{"label":"Pour une Personne","price":"6325","price_type":"flat_fee","image":0,"visibility":true},{"label":"Pour 2 Personnes","price":"8395","price_type":"flat_fee","image":0,"visibility":true},{"label":"Pour 3 Personnes","price":"10465","price_type":"flat_fee","image":0,"visibility":true},{"label":"Pour 4 Personnes","price":"12535","price_type":"flat_fee","image":0,"visibility":true},{"label":"Pour 5 Personnes","price":"16330","price_type":"flat_fee","image":0,"visibility":true},{"label":"Pour 6 Personnes","price":"18400","price_type":"flat_fee","image":0,"visibility":true},{"label":"Pour 7 Personnes","price":"20470","price_type":"flat_fee","image":0,"visibility":true},{"label":"Pour 8 Personnes","price":"22540","price_type":"flat_fee","image":0,"visibility":true},{"label":"Pour 9 Personnes","price":"24610","price_type":"flat_fee","image":0,"visibility":true}],"id":1758642596},{"name":"L'Itin\u00e9raire du Nord - Le Jardin de Pamplemousses","type":"multiple_choice","position":2,"required":false,"title_format":"label","default":"","description_enable":true,"description":"Billets pour le Jardin botanique de Pamplemousses inclus.\nD\u00e9jeuner non inclus","placeholder_enable":false,"placeholder":null,"display":"select","restrictions_type":"any_text","adjust_price":false,"price":"","price_type":"flat_fee","restrictions":false,"min":"0","max":"0","options":[{"label":"Pour une Personne","price":"4830","price_type":"flat_fee","image":0,"visibility":true},{"label":"Pour 2 Personnes","price":"5405","price_type":"flat_fee","image":0,"visibility":true},{"label":"Pour 3 Personnes","price":"5980","price_type":"flat_fee","image":0,"visibility":true},{"label":"Pour 4 Personnes","price":"6555","price_type":"flat_fee","image":0,"visibility":true},{"label":"Pour 5 Personnes","price":"8855","price_type":"flat_fee","image":0,"visibility":true},{"label":"Pour 6 Personnes","price":"9430","price_type":"flat_fee","image":0,"visibility":true},{"label":"Pour 7 Personnes","price":"10005","price_type":"flat_fee","image":0,"visibility":true},{"label":"Pour 8 Personnes","price":"10580","price_type":"flat_fee","image":0,"visibility":true},{"label":"Pour 9 Personnes","price":"11155","price_type":"flat_fee","image":0,"visibility":false}],"id":1758642879},{"name":"L'Itin\u00e9raire de Nord - L'Aventure du Sucre","type":"multiple_choice","position":3,"required":false,"title_format":"label","default":"","description_enable":true,"description":"Billets pour le Jardin Botanique de Pamplemousses et l'Aventure du Sucre inclus.\nD\u00e9jeuner non inclus","placeholder_enable":false,"placeholder":null,"display":"select","restrictions_type":"any_text","adjust_price":false,"price":"","price_type":"flat_fee","restrictions":false,"min":"0","max":"0","options":[{"label":"Pour une Personne","price":"5405","price_type":"flat_fee","image":0,"visibility":true},{"label":"Pour 2 Personnes","price":"6555","price_type":"flat_fee","image":0,"visibility":true},{"label":"Pour 3 Personnes","price":"7705","price_type":"flat_fee","image":0,"visibility":true},{"label":"Pour 4 Personnes","price":"8855","price_type":"flat_fee","image":0,"visibility":true},{"label":"Pour 5 Personnes","price":"11730","price_type":"flat_fee","image":0,"visibility":true},{"label":"Pour 6 Personnes","price":"12880","price_type":"flat_fee","image":0,"visibility":true},{"label":"Pour 7 Personnes","price":"14030","price_type":"flat_fee","image":0,"visibility":true},{"label":"Pour 8 Personnes","price":"15180","price_type":"flat_fee","image":0,"visibility":true},{"label":"Pour 9 Personnes","price":"16330","price_type":"flat_fee","image":0,"visibility":true}],"id":1758644658},{"name":"Port Louis - La Visite Historique de la Ville","type":"multiple_choice","position":4,"required":false,"title_format":"label","default":"","description_enable":true,"description":"D\u00e9jeuner non-compris","placeholder_enable":false,"placeholder":null,"display":"select","restrictions_type":"any_text","adjust_price":false,"price":"","price_type":"flat_fee","restrictions":false,"min":"0","max":"0","options":[{"label":"Pour 1-4 Personnes","price":"6555","price_type":"flat_fee","image":0,"visibility":true},{"label":"Pour 5-9 Personnes","price":"8280","price_type":"flat_fee","image":0,"visibility":true}],"id":1758645661},{"name":"Date de r\u00e9servation","type":"custom_text","position":0,"required":true,"title_format":"label","default":"","description_enable":false,"description":"","placeholder_enable":false,"placeholder":"","display":"select","restrictions_type":"any_text","adjust_price":false,"price":"","price_type":"flat_fee","restrictions":false,"min":"0","max":"0","options":[],"id":1669760350}],"acf":[],"_links":{"self":[{"href":"https:\/\/takeabreath.mu\/fr\/wp-json\/wp\/v2\/product\/7752","targetHints":{"allow":["GET"]}}],"collection":[{"href":"https:\/\/takeabreath.mu\/fr\/wp-json\/wp\/v2\/product"}],"about":[{"href":"https:\/\/takeabreath.mu\/fr\/wp-json\/wp\/v2\/types\/product"}],"replies":[{"embeddable":true,"href":"https:\/\/takeabreath.mu\/fr\/wp-json\/wp\/v2\/comments?post=7752"}],"wp:featuredmedia":[{"embeddable":true,"href":"https:\/\/takeabreath.mu\/fr\/wp-json\/wp\/v2\/media\/7756"}],"wp:attachment":[{"href":"https:\/\/takeabreath.mu\/fr\/wp-json\/wp\/v2\/media?parent=7752"}],"wp:term":[{"taxonomy":"product_brand","embeddable":true,"href":"https:\/\/takeabreath.mu\/fr\/wp-json\/wp\/v2\/product_brand?post=7752"},{"taxonomy":"product_cat","embeddable":true,"href":"https:\/\/takeabreath.mu\/fr\/wp-json\/wp\/v2\/product_cat?post=7752"},{"taxonomy":"product_tag","embeddable":true,"href":"https:\/\/takeabreath.mu\/fr\/wp-json\/wp\/v2\/product_tag?post=7752"}],"curies":[{"name":"wp","href":"https:\/\/api.w.org\/{rel}","templated":true}]}}