{"id":7627,"date":"2025-09-02T15:24:42","date_gmt":"2025-09-02T11:24:42","guid":{"rendered":"https:\/\/takeabreath.mu\/product\/lile-maurice-en-helicoptere-un-reve-a-vivre-les-yeux-ouverts\/"},"modified":"2025-12-09T16:15:38","modified_gmt":"2025-12-09T12:15:38","slug":"helicopteremaurice","status":"publish","type":"product","link":"https:\/\/takeabreath.mu\/fr\/produits\/helicopteremaurice\/","title":{"rendered":"L\u2019Ile Maurice en h\u00e9licopt\u00e8re : un r\u00eave \u00e0 vivre les yeux ouverts !"},"content":{"rendered":"<div class=\"elementor-element elementor-element-1d619c4 elementor-widget elementor-widget-heading\" data-id=\"1d619c4\" data-element_type=\"widget\" data-widget_type=\"heading.default\">\n<div class=\"elementor-widget-container\">Nous proposons des vols panoramiques exceptionnels, d\u00e9voilant la beaut\u00e9 cach\u00e9e de l\u2019\u00eele.<\/div>\n<div><\/div>\n<\/div>\n<div class=\"elementor-element elementor-element-d6f93a4 elementor-widget elementor-widget-text-editor\" data-id=\"d6f93a4\" data-element_type=\"widget\" data-widget_type=\"text-editor.default\">\n<div class=\"elementor-widget-container\">Profitez du survol de l\u2019\u00eele Maurice \u00e0 bord d\u2019h\u00e9licopt\u00e8res de derni\u00e8re g\u00e9n\u00e9ration, qui <strong>garantissent s\u00e9curit\u00e9 et confort<\/strong>. Nous vous assurons un moment de bonheur avec une s\u00e9curit\u00e9 optimale. D\u00e9couvrez nos <strong>nombreux circuits,<\/strong> avec une possibilit\u00e9 d\u2019organiser des excursions sur mesure. Que ce soit en famille, avec votre douce moiti\u00e9 ou un voyage en solo, vivez une exp\u00e9rience in\u00e9dite depuis le ciel mauricien !   <\/div>\n<\/div>\n","protected":false},"excerpt":{"rendered":"<p>Nous proposons des vols panoramiques exceptionnels, d\u00e9voilant la beaut\u00e9 cach\u00e9e de l\u2019\u00eele. Profitez du survol de l\u2019\u00eele Maurice \u00e0 bord d\u2019h\u00e9licopt\u00e8res de derni\u00e8re g\u00e9n\u00e9ration, qui garantissent s\u00e9curit\u00e9 et confort. Nous vous assurons un moment de bonheur avec une s\u00e9curit\u00e9 optimale. D\u00e9couvrez nos nombreux circuits, avec une possibilit\u00e9 d\u2019organiser des excursions sur mesure. Que ce soit [&hellip;]<\/p>\n","protected":false},"featured_media":7595,"comment_status":"closed","ping_status":"closed","template":"","meta":{"_acf_changed":false},"product_brand":[],"product_cat":[1399],"product_tag":[],"class_list":{"0":"post-7627","1":"product","2":"type-product","3":"status-publish","4":"has-post-thumbnail","6":"product_cat-balade-en-helicoptere","7":"country-maurice","9":"first","10":"instock","11":"virtual","12":"purchasable","13":"product-type-simple"},"exclude_global_add_ons":false,"addons":[{"name":"En Partage Triolet Helisun 10mins Par Personne \u00e0 partir de 2 ans","type":"input_multiplier","position":0,"required":false,"title_format":"label","default":"","description_enable":false,"description":null,"placeholder_enable":false,"placeholder":null,"display":"select","restrictions_type":"any_text","adjust_price":true,"price":"5900","price_type":"quantity_based","restrictions":false,"min":"0","max":"0","options":[],"id":1756826387},{"name":"En Partage Triolet Nord 25mins Par Personne \u00e0 partir de 2 ans","type":"input_multiplier","position":1,"required":false,"title_format":"label","default":"","description_enable":false,"description":null,"placeholder_enable":false,"placeholder":null,"display":"select","restrictions_type":"any_text","adjust_price":true,"price":"14750","price_type":"quantity_based","restrictions":false,"min":"0","max":"0","options":[],"id":1756826388},{"name":"En Partage Triolet Magic 45mins Par Personne \u00e0 partir de 2 ans","type":"input_multiplier","position":2,"required":false,"title_format":"label","default":"","description_enable":false,"description":null,"placeholder_enable":false,"placeholder":null,"display":"select","restrictions_type":"any_text","adjust_price":true,"price":"22120","price_type":"quantity_based","restrictions":false,"min":"0","max":"0","options":[],"id":1756826389},{"name":"En Partage Chamarel 15mins Par Personne \u00e0 partir de 2 ans","type":"input_multiplier","position":3,"required":false,"title_format":"label","default":"","description_enable":false,"description":null,"placeholder_enable":false,"placeholder":null,"display":"select","restrictions_type":"any_text","adjust_price":true,"price":"11800","price_type":"quantity_based","restrictions":false,"min":"0","max":"0","options":[],"id":1756826390},{"name":"En Partage Chamarel Must 25mins Par Personne \u00e0 partir de 2 ans","type":"input_multiplier","position":4,"required":false,"title_format":"label","default":"","description_enable":false,"description":null,"placeholder_enable":false,"placeholder":null,"display":"select","restrictions_type":"any_text","adjust_price":true,"price":"17115","price_type":"quantity_based","restrictions":false,"min":"0","max":"0","options":[],"id":1756826391},{"name":"En Partage Bel Ombre Mystic 25mins Par Personne \u00e0 partir de 2 ans","type":"input_multiplier","position":5,"required":false,"title_format":"label","default":"","description_enable":false,"description":null,"placeholder_enable":false,"placeholder":null,"display":"select","restrictions_type":"any_text","adjust_price":true,"price":"18295","price_type":"quantity_based","restrictions":false,"min":"0","max":"0","options":[],"id":1756826392},{"name":"Date de r\u00e9servation","type":"custom_text","position":0,"required":true,"title_format":"label","default":"","description_enable":false,"description":"","placeholder_enable":false,"placeholder":"","display":"select","restrictions_type":"any_text","adjust_price":false,"price":"","price_type":"flat_fee","restrictions":false,"min":"0","max":"0","options":[],"id":1669760350}],"acf":[],"_links":{"self":[{"href":"https:\/\/takeabreath.mu\/fr\/wp-json\/wp\/v2\/product\/7627","targetHints":{"allow":["GET"]}}],"collection":[{"href":"https:\/\/takeabreath.mu\/fr\/wp-json\/wp\/v2\/product"}],"about":[{"href":"https:\/\/takeabreath.mu\/fr\/wp-json\/wp\/v2\/types\/product"}],"replies":[{"embeddable":true,"href":"https:\/\/takeabreath.mu\/fr\/wp-json\/wp\/v2\/comments?post=7627"}],"wp:featuredmedia":[{"embeddable":true,"href":"https:\/\/takeabreath.mu\/fr\/wp-json\/wp\/v2\/media\/7595"}],"wp:attachment":[{"href":"https:\/\/takeabreath.mu\/fr\/wp-json\/wp\/v2\/media?parent=7627"}],"wp:term":[{"taxonomy":"product_brand","embeddable":true,"href":"https:\/\/takeabreath.mu\/fr\/wp-json\/wp\/v2\/product_brand?post=7627"},{"taxonomy":"product_cat","embeddable":true,"href":"https:\/\/takeabreath.mu\/fr\/wp-json\/wp\/v2\/product_cat?post=7627"},{"taxonomy":"product_tag","embeddable":true,"href":"https:\/\/takeabreath.mu\/fr\/wp-json\/wp\/v2\/product_tag?post=7627"}],"curies":[{"name":"wp","href":"https:\/\/api.w.org\/{rel}","templated":true}]}}