{"id":7481,"date":"2025-08-07T08:52:47","date_gmt":"2025-08-07T04:52:47","guid":{"rendered":"https:\/\/takeabreath.mu\/product\/la-rhumerie-de-chamarel\/"},"modified":"2025-09-09T09:53:29","modified_gmt":"2025-09-09T05:53:29","slug":"rhumeriedechamarelmaurice","status":"publish","type":"product","link":"https:\/\/takeabreath.mu\/fr\/produits\/rhumeriedechamarelmaurice\/","title":{"rendered":"La Rhumerie de Chamarel"},"content":{"rendered":"<p>L&#8217;un des points forts de la distillerie est qu&#8217;elle a \u00e9t\u00e9 con\u00e7ue par l&#8217;architecte mauricien Maurice Giraud pour offrir une exp\u00e9rience touristique holistique aux visiteurs. Le b\u00e2timent se fond harmonieusement dans les paysages spectaculaires, en utilisant le bois, la pierre naturelle et l&#8217;eau pour offrir une sensation de communion avec la nature. Il n&#8217;est pas \u00e9tonnant que la distillerie soit consid\u00e9r\u00e9e comme l&#8217;une des plus belles usines du monde.<\/p>\n<p>\u00c0 la distillerie de Chamarel, nous sommes fiers de cr\u00e9er le meilleur rhum en utilisant des m\u00e9thodes traditionnelles et les ingr\u00e9dients de la plus haute qualit\u00e9. Notre rhum est exclusivement fabriqu\u00e9 \u00e0 partir de la canne \u00e0 sucre cultiv\u00e9e sur notre propre plantation, garantissant ainsi que seule la meilleure et la plus fra\u00eeche canne est utilis\u00e9e.<\/p>\n","protected":false},"excerpt":{"rendered":"<p>L&#8217;un des points forts de la distillerie est qu&#8217;elle a \u00e9t\u00e9 con\u00e7ue par l&#8217;architecte mauricien Maurice Giraud pour offrir une exp\u00e9rience touristique holistique aux visiteurs. Le b\u00e2timent se fond harmonieusement dans les paysages spectaculaires, en utilisant le bois, la pierre naturelle et l&#8217;eau pour offrir une sensation de communion avec la nature. Il n&#8217;est pas [&hellip;]<\/p>\n","protected":false},"featured_media":7461,"comment_status":"closed","ping_status":"closed","template":"","meta":{"_acf_changed":false},"product_brand":[],"product_cat":[1400],"product_tag":[],"class_list":{"0":"post-7481","1":"product","2":"type-product","3":"status-publish","4":"has-post-thumbnail","6":"product_cat-itineraire-du-sud","7":"country-maurice","9":"first","10":"instock","11":"virtual","12":"purchasable","13":"product-type-simple"},"exclude_global_add_ons":false,"addons":[{"name":"Ticket d'entr\u00e9e Par Personne de plus de 13 ans","type":"input_multiplier","position":0,"required":false,"title_format":"label","default":"","description_enable":false,"description":"","placeholder_enable":false,"placeholder":"","display":"select","restrictions_type":"any_text","adjust_price":true,"price":"650","price_type":"quantity_based","restrictions":false,"min":"0","max":"0","options":[],"id":1754556769},{"name":"Ticket d'entr\u00e9e Par Personne de 5-12 ans","type":"input_multiplier","position":1,"required":false,"title_format":"label","default":"","description_enable":false,"description":"","placeholder_enable":false,"placeholder":"","display":"select","restrictions_type":"any_text","adjust_price":true,"price":"250","price_type":"quantity_based","restrictions":false,"min":"0","max":"0","options":[],"id":1754556770},{"name":"Ticket d'entr\u00e9e Par Personne de 0-4 ans","type":"input_multiplier","position":2,"required":false,"title_format":"label","default":"","description_enable":false,"description":"","placeholder_enable":false,"placeholder":"","display":"select","restrictions_type":"any_text","adjust_price":true,"price":"","price_type":"quantity_based","restrictions":false,"min":"0","max":"0","options":[],"id":1754556771},{"name":"Date de r\u00e9servation","type":"custom_text","position":0,"required":true,"title_format":"label","default":"","description_enable":false,"description":"","placeholder_enable":false,"placeholder":"","display":"select","restrictions_type":"any_text","adjust_price":false,"price":"","price_type":"flat_fee","restrictions":false,"min":"0","max":"0","options":[],"id":1669760350}],"acf":[],"_links":{"self":[{"href":"https:\/\/takeabreath.mu\/fr\/wp-json\/wp\/v2\/product\/7481","targetHints":{"allow":["GET"]}}],"collection":[{"href":"https:\/\/takeabreath.mu\/fr\/wp-json\/wp\/v2\/product"}],"about":[{"href":"https:\/\/takeabreath.mu\/fr\/wp-json\/wp\/v2\/types\/product"}],"replies":[{"embeddable":true,"href":"https:\/\/takeabreath.mu\/fr\/wp-json\/wp\/v2\/comments?post=7481"}],"wp:featuredmedia":[{"embeddable":true,"href":"https:\/\/takeabreath.mu\/fr\/wp-json\/wp\/v2\/media\/7461"}],"wp:attachment":[{"href":"https:\/\/takeabreath.mu\/fr\/wp-json\/wp\/v2\/media?parent=7481"}],"wp:term":[{"taxonomy":"product_brand","embeddable":true,"href":"https:\/\/takeabreath.mu\/fr\/wp-json\/wp\/v2\/product_brand?post=7481"},{"taxonomy":"product_cat","embeddable":true,"href":"https:\/\/takeabreath.mu\/fr\/wp-json\/wp\/v2\/product_cat?post=7481"},{"taxonomy":"product_tag","embeddable":true,"href":"https:\/\/takeabreath.mu\/fr\/wp-json\/wp\/v2\/product_tag?post=7481"}],"curies":[{"name":"wp","href":"https:\/\/api.w.org\/{rel}","templated":true}]}}