{"id":7412,"date":"2025-07-23T21:06:01","date_gmt":"2025-07-23T17:06:01","guid":{"rendered":"https:\/\/takeabreath.mu\/?post_type=product&#038;p=7412"},"modified":"2026-03-09T17:57:38","modified_gmt":"2026-03-09T13:57:38","slug":"dauphinsetbaleinesmaurice","status":"publish","type":"product","link":"https:\/\/takeabreath.mu\/fr\/produits\/dauphinsetbaleinesmaurice\/","title":{"rendered":"Bateau rapide : Dauphins et Baleines"},"content":{"rendered":"<p>Profitez d&#8217;une croisi\u00e8re \u00e0 bord de notre hors-bord, incluant la nage avec les dauphins sauvages joueurs dans leur environnement naturel, l&#8217;exploration du monde sous-marin ainsi qu&#8217;un d\u00e9licieux d\u00e9jeuner.<br \/>\nApprochez-vous de pr\u00e8s et personnellement d&#8217;une exp\u00e9rience majestueuse d&#8217;observation des baleines.<\/p>\n","protected":false},"excerpt":{"rendered":"<p>Profitez d&#8217;une croisi\u00e8re \u00e0 bord de notre hors-bord, incluant la nage avec les dauphins sauvages joueurs dans leur environnement naturel, l&#8217;exploration du monde sous-marin ainsi qu&#8217;un d\u00e9licieux d\u00e9jeuner. Approchez-vous de pr\u00e8s et personnellement d&#8217;une exp\u00e9rience majestueuse d&#8217;observation des baleines.<\/p>\n","protected":false},"featured_media":7552,"comment_status":"closed","ping_status":"closed","template":"","meta":{"_acf_changed":false},"product_brand":[],"product_cat":[1404,1405,1406,72],"product_tag":[],"class_list":{"0":"post-7412","1":"product","2":"type-product","3":"status-publish","4":"has-post-thumbnail","6":"product_cat-nage-avec-les-dauphins","7":"product_cat-observation-des-baleines","8":"product_cat-speedboat","9":"product_cat-sports-plein-air","10":"country-maurice","12":"first","13":"instock","14":"virtual","15":"purchasable","16":"product-type-simple"},"exclude_global_add_ons":false,"addons":[{"name":"Rencontre avec les baleines PARTAGE Par personne de plus de 12 ans","type":"input_multiplier","position":0,"required":false,"title_format":"label","default":"","description_enable":true,"description":"Dur\u00e9e de l'activit\u00e9 Maximum 4-Heures","placeholder_enable":false,"placeholder":null,"display":"select","restrictions_type":"any_text","adjust_price":true,"price":"3900","price_type":"quantity_based","restrictions":false,"min":"0","max":"0","options":[],"id":1726141664},{"name":"Rencontre avec les baleines PARTAGE Par personne de 5-12 ans","type":"input_multiplier","position":1,"required":false,"title_format":"label","default":"","description_enable":true,"description":"Dur\u00e9e de l'activit\u00e9 Maximum 4-Heures","placeholder_enable":false,"placeholder":null,"display":"select","restrictions_type":"any_text","adjust_price":true,"price":"3700","price_type":"quantity_based","restrictions":false,"min":"0","max":"0","options":[],"id":1753305347},{"name":"Rencontre avec les dauphins PARTAGE Par personne de plus de 12 ans","type":"input_multiplier","position":2,"required":false,"title_format":"label","default":"","description_enable":true,"description":"Dur\u00e9e de l'activit\u00e9 Maximum 4-Heures","placeholder_enable":false,"placeholder":null,"display":"select","restrictions_type":"any_text","adjust_price":true,"price":"3900","price_type":"quantity_based","restrictions":false,"min":"0","max":"0","options":[],"id":1753305349},{"name":"Rencontre avec les dauphins PARTAGE Par personne de 5-12 ans","type":"input_multiplier","position":3,"required":false,"title_format":"label","default":"","description_enable":true,"description":"Dur\u00e9e de l'activit\u00e9 Maximum 4-Heures","placeholder_enable":false,"placeholder":null,"display":"select","restrictions_type":"any_text","adjust_price":true,"price":"3700","price_type":"quantity_based","restrictions":false,"min":"0","max":"0","options":[],"id":1753305350},{"name":"Rencontre avec les dauphins et baleines PARTAGE Par personne de plus de 12 ans","type":"input_multiplier","position":4,"required":false,"title_format":"label","default":"","description_enable":true,"description":"Dur\u00e9e Maximum 3 a 4 Heures","placeholder_enable":false,"placeholder":null,"display":"select","restrictions_type":"any_text","adjust_price":true,"price":"4800","price_type":"quantity_based","restrictions":false,"min":"0","max":"0","options":[],"id":1726142491},{"name":"Rencontre avec les dauphins et baleines PARTAGE Par personne de5-12 ans","type":"input_multiplier","position":5,"required":false,"title_format":"label","default":"","description_enable":true,"description":"Dur\u00e9e Maximum 3 a 4 Heures","placeholder_enable":false,"placeholder":null,"display":"select","restrictions_type":"any_text","adjust_price":true,"price":"4000","price_type":"quantity_based","restrictions":false,"min":"0","max":"0","options":[],"id":1753305348},{"name":"Rencontre avec les dauphins toute la journ\u00e9e EN PARTAGE Par personne de plus de 12 ans","type":"input_multiplier","position":6,"required":false,"title_format":"label","default":"","description_enable":true,"description":"Dur\u00e9e de l'activit\u00e9 Maximum 6 -Heures incluant dejeuner BBQ avec boissons","placeholder_enable":false,"placeholder":null,"display":"select","restrictions_type":"any_text","adjust_price":true,"price":"3900","price_type":"quantity_based","restrictions":false,"min":"0","max":"0","options":[],"id":1726142496},{"name":"Rencontre avec les dauphins toute la journ\u00e9e EN PARTAGE Par personne 4-11 ans","type":"input_multiplier","position":7,"required":false,"title_format":"label","default":"","description_enable":true,"description":"Dur\u00e9e de l'activit\u00e9 Maximum 6 -Heures incluant dejeuner BBQ avec boissons","placeholder_enable":false,"placeholder":null,"display":"select","restrictions_type":"any_text","adjust_price":true,"price":"2700","price_type":"quantity_based","restrictions":false,"min":"0","max":"0","options":[],"id":1726142497},{"name":"Rencontre avec les dauphins toute la journ\u00e9e EN PARTAGE Par personne moins de 4 ans","type":"input_multiplier","position":8,"required":false,"title_format":"label","default":"","description_enable":true,"description":"Dur\u00e9e de l'activit\u00e9 Maximum 6-Heures","placeholder_enable":false,"placeholder":null,"display":"select","restrictions_type":"any_text","adjust_price":true,"price":"","price_type":"quantity_based","restrictions":false,"min":"0","max":"0","options":[],"id":1752516558},{"name":"Date de r\u00e9servation","type":"custom_text","position":0,"required":true,"title_format":"label","default":"","description_enable":false,"description":"","placeholder_enable":false,"placeholder":"","display":"select","restrictions_type":"any_text","adjust_price":false,"price":"","price_type":"flat_fee","restrictions":false,"min":"0","max":"0","options":[],"id":1669760350}],"acf":[],"_links":{"self":[{"href":"https:\/\/takeabreath.mu\/fr\/wp-json\/wp\/v2\/product\/7412","targetHints":{"allow":["GET"]}}],"collection":[{"href":"https:\/\/takeabreath.mu\/fr\/wp-json\/wp\/v2\/product"}],"about":[{"href":"https:\/\/takeabreath.mu\/fr\/wp-json\/wp\/v2\/types\/product"}],"replies":[{"embeddable":true,"href":"https:\/\/takeabreath.mu\/fr\/wp-json\/wp\/v2\/comments?post=7412"}],"wp:featuredmedia":[{"embeddable":true,"href":"https:\/\/takeabreath.mu\/fr\/wp-json\/wp\/v2\/media\/7552"}],"wp:attachment":[{"href":"https:\/\/takeabreath.mu\/fr\/wp-json\/wp\/v2\/media?parent=7412"}],"wp:term":[{"taxonomy":"product_brand","embeddable":true,"href":"https:\/\/takeabreath.mu\/fr\/wp-json\/wp\/v2\/product_brand?post=7412"},{"taxonomy":"product_cat","embeddable":true,"href":"https:\/\/takeabreath.mu\/fr\/wp-json\/wp\/v2\/product_cat?post=7412"},{"taxonomy":"product_tag","embeddable":true,"href":"https:\/\/takeabreath.mu\/fr\/wp-json\/wp\/v2\/product_tag?post=7412"}],"curies":[{"name":"wp","href":"https:\/\/api.w.org\/{rel}","templated":true}]}}