{"id":7305,"date":"2025-05-19T19:36:14","date_gmt":"2025-05-19T15:36:14","guid":{"rendered":"https:\/\/takeabreath.mu\/?post_type=product&#038;p=7305"},"modified":"2026-04-06T15:22:32","modified_gmt":"2026-04-06T11:22:32","slug":"caselamaurice","status":"publish","type":"product","link":"https:\/\/takeabreath.mu\/fr\/produits\/caselamaurice\/","title":{"rendered":"Casela, Un Monde d&#8217;Aventures"},"content":{"rendered":"<p><span data-sheets-root=\"1\" data-sheets-value=\"{\"1\":2,\"2\":\"Casela Nature Park is one of the most popular leisure and attraction parks in Mauritius, offering a variety of fun and thrilling activities for individuals, families, and corporate groups. The park spans over 350 hectares and is divided into five unique zones: Thrill Mountain, Predator Kingdom, African Safari, Pangia Birds and Rides, and World of Events. Plan a day full of adventures at Casela, an outdoor amusement complex featuring safari tours, camel rides, ziplines, and more. Located on the west end of Mauritius, you'll explore beautiful gardens and a bird sanctuary before boarding a safari vehicle to see Java deer, wild boars, monkeys, zebras, impalas, white rhinos, and more.\"}\" data-sheets-userformat=\"{\"2\":13251,\"3\":{\"1\":0},\"4\":{\"1\":2,\"2\":9621584},\"9\":1,\"10\":1,\"11\":4,\"12\":0,\"15\":\"Arial\",\"16\":9}\">Casela Nature Park est l&#8217;un des parcs de loisirs et d&#8217;attractions les plus populaires de Maurice, offrant une vari\u00e9t\u00e9 d&#8217;activit\u00e9s amusantes et palpitantes pour les particuliers, les familles et les groupes d&#8217;entreprises. Le parc s&#8217;\u00e9tend sur plus de 350 hectares et est divis\u00e9 en cinq zones uniques : Thrill Mountain, Predator Kingdom, African Safari, Pangia Birds and Rides, et World of Events. Situ\u00e9 \u00e0 l&#8217;ouest de l&#8217;\u00eele Maurice, vous explorerez de magnifiques jardins et un sanctuaire d&#8217;oiseaux avant de monter \u00e0 bord d&#8217;un v\u00e9hicule de safari pour voir des cerfs de Java, des sangliers, des singes, des z\u00e8bres, des impalas, des rhinoc\u00e9ros blancs, et bien plus encore.<\/span><\/p>\n","protected":false},"excerpt":{"rendered":"","protected":false},"featured_media":6934,"comment_status":"closed","ping_status":"closed","template":"","meta":{"_acf_changed":false},"product_brand":[],"product_cat":[1414,1411,1413,1410,1412],"product_tag":[],"class_list":{"0":"post-7305","1":"product","2":"type-product","3":"status-publish","4":"has-post-thumbnail","6":"product_cat-la-voliere","7":"product_cat-lions-tigers-cheetahs-serval","8":"product_cat-quads-ecorider-safari","9":"product_cat-quads-tyroliennes-pont-nepalais","10":"product_cat-rhinoceros-chameau","11":"country-maurice","13":"first","14":"instock","15":"virtual","16":"purchasable","17":"product-type-simple"},"exclude_global_add_ons":false,"addons":[{"name":"Frais d'admission par personne de plus de 12 ans","type":"input_multiplier","position":0,"required":true,"title_format":"label","default":"","description_enable":false,"description":null,"placeholder_enable":false,"placeholder":null,"display":"select","restrictions_type":"any_text","adjust_price":true,"price":"1525","price_type":"quantity_based","restrictions":false,"min":"0","max":"0","options":[],"id":1726313472},{"name":"Frais d'admission par personne de plus de 12 ans","type":"input_multiplier","position":1,"required":false,"title_format":"label","default":"","description_enable":false,"description":"Obligatoire","placeholder_enable":false,"placeholder":null,"display":"select","restrictions_type":"any_text","adjust_price":true,"price":"1255","price_type":"quantity_based","restrictions":false,"min":"0","max":"0","options":[],"id":1726313473},{"name":"Frais d'admission par personne de moins de 4 ans.","type":"input_multiplier","position":2,"required":false,"title_format":"label","default":"","description_enable":false,"description":null,"placeholder_enable":false,"placeholder":null,"display":"select","restrictions_type":"any_text","adjust_price":true,"price":"","price_type":"quantity_based","restrictions":false,"min":"0","max":"0","options":[],"id":1751920405},{"name":"1 Heure - Safari Eco Rider Par Adulte","type":"input_multiplier","position":3,"required":false,"title_format":"label","default":"","description_enable":true,"description":"Chauffeur ag\u00e9 de 16 ans et plus, Poids Maximum par vehicule 170 kg","placeholder_enable":false,"placeholder":null,"display":"select","restrictions_type":"any_text","adjust_price":true,"price":"3600","price_type":"quantity_based","restrictions":false,"min":"0","max":"0","options":[],"id":1742134190},{"name":"1 Heure - Safari Eco Rider Par Enfant","type":"input_multiplier","position":4,"required":false,"title_format":"label","default":"","description_enable":true,"description":"Poids Maximum par vehicule 170 kg","placeholder_enable":false,"placeholder":null,"display":"select","restrictions_type":"any_text","adjust_price":true,"price":"1600","price_type":"quantity_based","restrictions":false,"min":"0","max":"0","options":[],"id":1759167011},{"name":"1 Heure - Quad Simple","type":"input_multiplier","position":5,"required":false,"title_format":"label","default":"","description_enable":true,"description":"Par Quad Simple","placeholder_enable":false,"placeholder":null,"display":"select","restrictions_type":"any_text","adjust_price":true,"price":"3600","price_type":"quantity_based","restrictions":false,"min":"0","max":"0","options":[],"id":1742134192},{"name":"La Marche avec les Lions","type":"input_multiplier","position":6,"required":false,"title_format":"label","default":"","description_enable":true,"description":"Par personne de plus de 15 ans.\nPas disponible le dimanche","placeholder_enable":false,"placeholder":null,"display":"select","restrictions_type":"any_text","adjust_price":true,"price":"5000","price_type":"quantity_based","restrictions":false,"min":"0","max":"0","options":[],"id":1742134197},{"name":"Rencontre avec le rhino","type":"input_multiplier","position":7,"required":false,"title_format":"label","default":"","description_enable":true,"description":"Par personne de 12 ans et plus","placeholder_enable":false,"placeholder":null,"display":"select","restrictions_type":"any_text","adjust_price":true,"price":"3000","price_type":"quantity_based","restrictions":false,"min":"0","max":"0","options":[],"id":1742134198},{"name":"Rencontre avec le rhino","type":"input_multiplier","position":8,"required":false,"title_format":"label","default":"","description_enable":true,"description":"Per Person 6-12 Years","placeholder_enable":false,"placeholder":null,"display":"select","restrictions_type":"any_text","adjust_price":true,"price":"2500","price_type":"quantity_based","restrictions":false,"min":"0","max":"0","options":[],"id":1742134199},{"name":"Rencontre avec des gu\u00e9pards","type":"input_multiplier","position":9,"required":false,"title_format":"label","default":"","description_enable":true,"description":"Par personne de plus de 15 ans.\nPas disponible le dimanche","placeholder_enable":false,"placeholder":null,"display":"select","restrictions_type":"any_text","adjust_price":true,"price":"1500","price_type":"quantity_based","restrictions":false,"min":"0","max":"0","options":[],"id":1743451493},{"name":"Rencontre avec le Serval","type":"input_multiplier","position":10,"required":false,"title_format":"label","default":"","description_enable":true,"description":"Par personne de plus de 10 ans.\nPas disponible le dimanche","placeholder_enable":false,"placeholder":null,"display":"select","restrictions_type":"any_text","adjust_price":true,"price":"600","price_type":"quantity_based","restrictions":false,"min":"0","max":"0","options":[],"id":1743451494},{"name":"Rencontre avec le Caracal","type":"input_multiplier","position":11,"required":false,"title_format":"label","default":"","description_enable":true,"description":"Par personne de plus de 10 ans.\nPas disponible le dimanche","placeholder_enable":false,"placeholder":null,"display":"select","restrictions_type":"any_text","adjust_price":true,"price":"600","price_type":"quantity_based","restrictions":false,"min":"0","max":"0","options":[],"id":1745844587},{"name":"Promenade \u00e0 dos de chameau par personne \u00e0 partir de 10 ans","type":"input_multiplier","position":12,"required":false,"title_format":"label","default":"","description_enable":true,"description":"Non disponible le dimanche","placeholder_enable":false,"placeholder":null,"display":"select","restrictions_type":"any_text","adjust_price":true,"price":"350","price_type":"quantity_based","restrictions":false,"min":"0","max":"0","options":[],"id":1745389893},{"name":"Drive Thru avec les Lions &amp; les Tigres","type":"input_multiplier","position":13,"required":false,"title_format":"label","default":"","description_enable":true,"description":"Par personne de plus de 4 ans.\nPas disponible le dimanche","placeholder_enable":false,"placeholder":null,"display":"select","restrictions_type":"any_text","adjust_price":true,"price":"725","price_type":"quantity_based","restrictions":false,"min":"0","max":"0","options":[],"id":1751315492},{"name":"Menu pr\u00e9-\u00e9tabli: Menu A OU Menu B OU Menu C OU Menu D","type":"input_multiplier","position":14,"required":false,"title_format":"label","default":"","description_enable":true,"description":"Par personne","placeholder_enable":false,"placeholder":null,"display":"select","restrictions_type":"any_text","adjust_price":true,"price":"1400","price_type":"quantity_based","restrictions":false,"min":"0","max":"0","options":[],"id":1745071910},{"name":"Date de r\u00e9servation","type":"custom_text","position":0,"required":true,"title_format":"label","default":"","description_enable":false,"description":"","placeholder_enable":false,"placeholder":"","display":"select","restrictions_type":"any_text","adjust_price":false,"price":"","price_type":"flat_fee","restrictions":false,"min":"0","max":"0","options":[],"id":1669760350}],"acf":[],"_links":{"self":[{"href":"https:\/\/takeabreath.mu\/fr\/wp-json\/wp\/v2\/product\/7305","targetHints":{"allow":["GET"]}}],"collection":[{"href":"https:\/\/takeabreath.mu\/fr\/wp-json\/wp\/v2\/product"}],"about":[{"href":"https:\/\/takeabreath.mu\/fr\/wp-json\/wp\/v2\/types\/product"}],"replies":[{"embeddable":true,"href":"https:\/\/takeabreath.mu\/fr\/wp-json\/wp\/v2\/comments?post=7305"}],"wp:featuredmedia":[{"embeddable":true,"href":"https:\/\/takeabreath.mu\/fr\/wp-json\/wp\/v2\/media\/6934"}],"wp:attachment":[{"href":"https:\/\/takeabreath.mu\/fr\/wp-json\/wp\/v2\/media?parent=7305"}],"wp:term":[{"taxonomy":"product_brand","embeddable":true,"href":"https:\/\/takeabreath.mu\/fr\/wp-json\/wp\/v2\/product_brand?post=7305"},{"taxonomy":"product_cat","embeddable":true,"href":"https:\/\/takeabreath.mu\/fr\/wp-json\/wp\/v2\/product_cat?post=7305"},{"taxonomy":"product_tag","embeddable":true,"href":"https:\/\/takeabreath.mu\/fr\/wp-json\/wp\/v2\/product_tag?post=7305"}],"curies":[{"name":"wp","href":"https:\/\/api.w.org\/{rel}","templated":true}]}}