{"id":7280,"date":"2025-04-17T10:33:46","date_gmt":"2025-04-17T06:33:46","guid":{"rendered":"https:\/\/takeabreath.mu\/product\/la-route-du-the-bois-cheri-st-aubin-les-aubineaux\/"},"modified":"2025-09-09T09:59:01","modified_gmt":"2025-09-09T05:59:01","slug":"routeduthemaurice","status":"publish","type":"product","link":"https:\/\/takeabreath.mu\/fr\/produits\/routeduthemaurice\/","title":{"rendered":"La Route Du Th\u00e9 &#8211; Bois Ch\u00e9ri, St Aubin, Les Aubineaux"},"content":{"rendered":"<p>La Route du Th\u00e9, du Rhum et de la Vanille est une activit\u00e9 incontournable \u00e0 l&#8217;\u00eele Maurice qui vous invite \u00e0 plonger dans l&#8217;histoire du pays \u00e0 travers la richesse de sa gastronomie.Cette excursion authentique vous emm\u00e8nera sur les chemins de nos trois sites patrimoniaux : le Domaine des Aubineaux, le Domaine de Bois Ch\u00e9ri et le Domaine de Saint Aubin.<\/p>\n<p>Domaine des Aubineaux, une maison coloniale construite en 1872, vous transportera dans une autre \u00e9poque.Il est entour\u00e9 d&#8217;un magnifique jardin botanique avec des plantes exotiques et des arbres end\u00e9miques.Au Domaine Bois Ch\u00e9ri, visitez la fabrique de th\u00e9 et go\u00fbtez le th\u00e9 produit au Chalet dans un cadre charmant.Enfin, dirigez-vous vers le Domaine de Saint Aubin.Ici, la Maison de la Vanille vous montre comment la vanille est transform\u00e9e.La Maison du Rhum vous invite \u00e0 d\u00e9couvrir toutes les \u00e9tapes de la production du rhum.Terminez la journ\u00e9e par une promenade dans les jardins botaniques et la ferme du domaine.Un choix de d\u00e9jeuner est disponible dans chacune des trois propri\u00e9t\u00e9s.<\/p>\n","protected":false},"excerpt":{"rendered":"<p>La Route du Th\u00e9, du Rhum et de la Vanille est une activit\u00e9 incontournable \u00e0 l&#8217;\u00eele Maurice qui vous invite \u00e0 plonger dans l&#8217;histoire du pays \u00e0 travers la richesse de sa gastronomie.Cette excursion authentique vous emm\u00e8nera sur les chemins de nos trois sites patrimoniaux : le Domaine des Aubineaux, le Domaine de Bois Ch\u00e9ri [&hellip;]<\/p>\n","protected":false},"featured_media":7254,"comment_status":"closed","ping_status":"closed","template":"","meta":{"_acf_changed":false},"product_brand":[],"product_cat":[1400],"product_tag":[],"class_list":{"0":"post-7280","1":"product","2":"type-product","3":"status-publish","4":"has-post-thumbnail","6":"product_cat-itineraire-du-sud","7":"country-maurice","9":"first","10":"instock","11":"virtual","12":"purchasable","13":"product-type-simple"},"exclude_global_add_ons":false,"addons":[{"name":",La Route du Th\u00e9, du Rhum et de La Vanille Incluant le d\u00e9jeuner par personne de plus de 13ans","type":"input_multiplier","position":0,"required":false,"title_format":"label","default":"","description_enable":false,"description":"","placeholder_enable":false,"placeholder":"","display":"select","restrictions_type":"any_text","adjust_price":true,"price":"2800","price_type":"quantity_based","restrictions":false,"min":"0","max":"0","options":[],"id":1744883789},{"name":"La Route du Th\u00e9, du Rhum et de La Vanille Incluant le d\u00e9jeuner par personne de 4-12ans","type":"input_multiplier","position":1,"required":false,"title_format":"label","default":"","description_enable":false,"description":"","placeholder_enable":false,"placeholder":"","display":"select","restrictions_type":"any_text","adjust_price":true,"price":"1400","price_type":"quantity_based","restrictions":false,"min":"0","max":"0","options":[],"id":1744883790},{"name":"Le Domaine des Aubineaux par personne de plus de 13ans","type":"input_multiplier","position":2,"required":false,"title_format":"label","default":"","description_enable":false,"description":"","placeholder_enable":false,"placeholder":"","display":"select","restrictions_type":"any_text","adjust_price":true,"price":"450","price_type":"quantity_based","restrictions":false,"min":"0","max":"0","options":[],"id":1744883791},{"name":"Le Domaine des Aubineaux par personne de 4-12ans","type":"input_multiplier","position":3,"required":false,"title_format":"label","default":"","description_enable":false,"description":"","placeholder_enable":false,"placeholder":"","display":"select","restrictions_type":"any_text","adjust_price":true,"price":"225","price_type":"quantity_based","restrictions":false,"min":"0","max":"0","options":[],"id":1744883792},{"name":"Le Domaine des Aubineaux par personne de plus de 13ans, D\u00e9jeuner inclus","type":"input_multiplier","position":4,"required":false,"title_format":"label","default":"","description_enable":true,"description":"Menu Pr\u00e9-\u00e9tabli","placeholder_enable":false,"placeholder":"","display":"select","restrictions_type":"any_text","adjust_price":true,"price":"1500","price_type":"quantity_based","restrictions":false,"min":"0","max":"0","options":[],"id":1755486935},{"name":"Le Domaine des Aubineaux par personne de 4-12ans, D\u00e9jeuner Inclus","type":"input_multiplier","position":5,"required":false,"title_format":"label","default":"","description_enable":true,"description":"Menu Pr\u00e9-\u00e9tabli","placeholder_enable":false,"placeholder":"","display":"select","restrictions_type":"any_text","adjust_price":true,"price":"800","price_type":"quantity_based","restrictions":false,"min":"0","max":"0","options":[],"id":1755486936},{"name":"Le Domaine des Bois Cheri par personne de plus de 13ans","type":"input_multiplier","position":6,"required":false,"title_format":"label","default":"","description_enable":false,"description":"","placeholder_enable":false,"placeholder":"","display":"select","restrictions_type":"any_text","adjust_price":true,"price":"650","price_type":"quantity_based","restrictions":false,"min":"0","max":"0","options":[],"id":1744883794},{"name":"Le Domaine des Bois Cheri par personne de 4-12ans","type":"input_multiplier","position":7,"required":false,"title_format":"label","default":"","description_enable":false,"description":"","placeholder_enable":false,"placeholder":"","display":"select","restrictions_type":"any_text","adjust_price":true,"price":"325","price_type":"quantity_based","restrictions":false,"min":"0","max":"0","options":[],"id":1744883793},{"name":"Le Domaine des Bois Ch\u00e9ri par personne de plus de 13ans, D\u00e9jeuner Inclus","type":"input_multiplier","position":8,"required":false,"title_format":"label","default":"","description_enable":true,"description":"Menu Pr\u00e9-\u00e9tabli","placeholder_enable":false,"placeholder":"","display":"select","restrictions_type":"any_text","adjust_price":true,"price":"1900","price_type":"quantity_based","restrictions":false,"min":"0","max":"0","options":[],"id":1755486937},{"name":"Le Domaine des Bois Ch\u00e9ri par personne de 4-12ans, D\u00e9jeuner Inclus","type":"input_multiplier","position":9,"required":false,"title_format":"label","default":"","description_enable":true,"description":"Menu Pr\u00e9-\u00e9tabli","placeholder_enable":false,"placeholder":"","display":"select","restrictions_type":"any_text","adjust_price":true,"price":"1000","price_type":"quantity_based","restrictions":false,"min":"0","max":"0","options":[],"id":1755486938},{"name":"Le Domaine de Saint Aubin par personne de plus de 13ans","type":"input_multiplier","position":10,"required":false,"title_format":"label","default":"","description_enable":false,"description":"","placeholder_enable":false,"placeholder":"","display":"select","restrictions_type":"any_text","adjust_price":true,"price":"650","price_type":"quantity_based","restrictions":false,"min":"0","max":"0","options":[],"id":1744883795},{"name":"Le Domaine de Saint Aubin par personne de 4-12ans","type":"input_multiplier","position":11,"required":false,"title_format":"label","default":"","description_enable":false,"description":"","placeholder_enable":false,"placeholder":"","display":"select","restrictions_type":"any_text","adjust_price":true,"price":"325","price_type":"quantity_based","restrictions":false,"min":"0","max":"0","options":[],"id":1744883796},{"name":"Le Domaine de Saint Aubin par personne de plus de 13ans, D\u00e9jeuner Inclus","type":"input_multiplier","position":12,"required":false,"title_format":"label","default":"","description_enable":true,"description":"Menu Pr\u00e9-\u00e9tabli","placeholder_enable":false,"placeholder":"","display":"select","restrictions_type":"any_text","adjust_price":true,"price":"1900","price_type":"quantity_based","restrictions":false,"min":"0","max":"0","options":[],"id":1755486939},{"name":"Le Domaine de Saint Aubin par personne de 4-12ans, D\u00e9jeuner inclus","type":"input_multiplier","position":13,"required":false,"title_format":"label","default":"","description_enable":true,"description":"Menu Pr\u00e9-\u00e9tabli","placeholder_enable":false,"placeholder":"","display":"select","restrictions_type":"any_text","adjust_price":true,"price":"1000","price_type":"quantity_based","restrictions":false,"min":"0","max":"0","options":[],"id":1755486940},{"name":"Date de r\u00e9servation","type":"custom_text","position":0,"required":true,"title_format":"label","default":"","description_enable":false,"description":"","placeholder_enable":false,"placeholder":"","display":"select","restrictions_type":"any_text","adjust_price":false,"price":"","price_type":"flat_fee","restrictions":false,"min":"0","max":"0","options":[],"id":1669760350}],"acf":[],"_links":{"self":[{"href":"https:\/\/takeabreath.mu\/fr\/wp-json\/wp\/v2\/product\/7280","targetHints":{"allow":["GET"]}}],"collection":[{"href":"https:\/\/takeabreath.mu\/fr\/wp-json\/wp\/v2\/product"}],"about":[{"href":"https:\/\/takeabreath.mu\/fr\/wp-json\/wp\/v2\/types\/product"}],"replies":[{"embeddable":true,"href":"https:\/\/takeabreath.mu\/fr\/wp-json\/wp\/v2\/comments?post=7280"}],"wp:featuredmedia":[{"embeddable":true,"href":"https:\/\/takeabreath.mu\/fr\/wp-json\/wp\/v2\/media\/7254"}],"wp:attachment":[{"href":"https:\/\/takeabreath.mu\/fr\/wp-json\/wp\/v2\/media?parent=7280"}],"wp:term":[{"taxonomy":"product_brand","embeddable":true,"href":"https:\/\/takeabreath.mu\/fr\/wp-json\/wp\/v2\/product_brand?post=7280"},{"taxonomy":"product_cat","embeddable":true,"href":"https:\/\/takeabreath.mu\/fr\/wp-json\/wp\/v2\/product_cat?post=7280"},{"taxonomy":"product_tag","embeddable":true,"href":"https:\/\/takeabreath.mu\/fr\/wp-json\/wp\/v2\/product_tag?post=7280"}],"curies":[{"name":"wp","href":"https:\/\/api.w.org\/{rel}","templated":true}]}}