{"id":7233,"date":"2024-09-13T16:10:38","date_gmt":"2024-09-13T12:10:38","guid":{"rendered":"https:\/\/takeabreath.mu\/product\/une-destination-unique-et-coloree-le-geoparc-de-la-terre-aux-sept-couleurs-de-chamarel\/"},"modified":"2025-09-09T10:13:21","modified_gmt":"2025-09-09T06:13:21","slug":"chamarelmaurice","status":"publish","type":"product","link":"https:\/\/takeabreath.mu\/fr\/produits\/chamarelmaurice\/","title":{"rendered":"Une destination unique et color\u00e9e, le Geoparc de la Terre aux Sept Couleurs de Chamarel"},"content":{"rendered":"<div class=\"banner banner-home\">\n<div id=\"home\" class=\"home-style-2 slider-area video-bg-area\">La nature a sa propre fa\u00e7on d&#8217;\u00e9veiller notre curiosit\u00e9, et les Terres de Sept Couleurs de Chamarel ont quelque chose de surr\u00e9aliste \u00e0 offrir qui stimulera votre imagination. R\u00e9v\u00e9lant 600 millions d&#8217;ann\u00e9es d&#8217;histoire, le premier et principal g\u00e9oparc de l&#8217;\u00eele est un v\u00e9ritable spectacle de la nature !<\/div>\n<\/div>\n<section class=\"content-block bg-white\">\n<div class=\"container-fluid\">\n<div class=\"adventure-holder gallery-home-holder\">\n<div class=\"row\">\n<div class=\"col-lg-5 col-md-5 col-sm-12 text-block\">\n<div class=\"centered\">\n<p>L&#8217;une des attractions les plus embl\u00e9matiques de l&#8217;\u00eele Maurice, la Terre des 7 Couleurs \u00e0 Chamarel, offre une exp\u00e9rience unique non seulement pour les amateurs de g\u00e9ologie et de nature, mais aussi pour ceux qui souhaitent mieux comprendre ce ph\u00e9nom\u00e8ne g\u00e9ologique rare. Vous serez impressionn\u00e9 par les nuances de couleur et l&#8217;harmonie qui caract\u00e9risent cet endroit.<\/p>\n<\/div>\n<\/div>\n<\/div>\n<\/div>\n<\/div>\n<div id=\"erdyt-69e8f3a2efd07\" data-id=\"Uhrcmdf9lsg\" class=\"erd-youtube-responsive\" style=\"display:block;position:relative;clear:both;width:100%;max-width:100%;margin-left:auto;margin-right:auto;\"><div style=\"padding-bottom:56.25%;\"><div class=\"erd-ytplay\" id=\"erdytp-Uhrcmdf9lsg-69e8f3a2efd07\" data-vid=\"Uhrcmdf9lsg\"   data-src=\"https:\/\/www.youtube.com\/embed\/Uhrcmdf9lsg?loop=1&#038;autoplay=1&#038;rel=0\" data-allowfullscreen=\"true\"><img decoding=\"async\" src=\"https:\/\/i.ytimg.com\/vi\/Uhrcmdf9lsg\/hqdefault.jpg\" alt=\"YouTube Video\" \/><\/div><\/div><\/div>\n<\/section>\n","protected":false},"excerpt":{"rendered":"<p>La nature a sa propre fa\u00e7on d&#8217;\u00e9veiller notre curiosit\u00e9, et les Terres de Sept Couleurs de Chamarel ont quelque chose de surr\u00e9aliste \u00e0 offrir qui stimulera votre imagination. R\u00e9v\u00e9lant 600 millions d&#8217;ann\u00e9es d&#8217;histoire, le premier et principal g\u00e9oparc de l&#8217;\u00eele est un v\u00e9ritable spectacle de la nature ! L&#8217;une des attractions les plus embl\u00e9matiques de [&hellip;]<\/p>\n","protected":false},"featured_media":7224,"comment_status":"closed","ping_status":"closed","template":"","meta":{"_acf_changed":false},"product_brand":[],"product_cat":[1400],"product_tag":[],"class_list":{"0":"post-7233","1":"product","2":"type-product","3":"status-publish","4":"has-post-thumbnail","6":"product_cat-itineraire-du-sud","7":"country-maurice","9":"first","10":"instock","11":"virtual","12":"purchasable","13":"product-type-simple"},"exclude_global_add_ons":false,"addons":[{"name":"Billet d'entr\u00e9e par personne de plus de 12 ans","type":"input_multiplier","position":0,"required":true,"title_format":"label","default":"","description_enable":false,"description":"","placeholder_enable":false,"placeholder":"","display":"select","restrictions_type":"any_text","adjust_price":true,"price":"650","price_type":"quantity_based","restrictions":false,"min":"0","max":"0","options":[],"id":1726243610},{"name":"Billet d'entr\u00e9e par personne de 5 \u00e0 11,99 ans","type":"input_multiplier","position":1,"required":false,"title_format":"label","default":"","description_enable":false,"description":"","placeholder_enable":false,"placeholder":"","display":"select","restrictions_type":"any_text","adjust_price":true,"price":"325","price_type":"quantity_based","restrictions":false,"min":"0","max":"0","options":[],"id":1726243611},{"name":"Date de r\u00e9servation","type":"custom_text","position":0,"required":true,"title_format":"label","default":"","description_enable":false,"description":"","placeholder_enable":false,"placeholder":"","display":"select","restrictions_type":"any_text","adjust_price":false,"price":"","price_type":"flat_fee","restrictions":false,"min":"0","max":"0","options":[],"id":1669760350}],"acf":[],"_links":{"self":[{"href":"https:\/\/takeabreath.mu\/fr\/wp-json\/wp\/v2\/product\/7233","targetHints":{"allow":["GET"]}}],"collection":[{"href":"https:\/\/takeabreath.mu\/fr\/wp-json\/wp\/v2\/product"}],"about":[{"href":"https:\/\/takeabreath.mu\/fr\/wp-json\/wp\/v2\/types\/product"}],"replies":[{"embeddable":true,"href":"https:\/\/takeabreath.mu\/fr\/wp-json\/wp\/v2\/comments?post=7233"}],"wp:featuredmedia":[{"embeddable":true,"href":"https:\/\/takeabreath.mu\/fr\/wp-json\/wp\/v2\/media\/7224"}],"wp:attachment":[{"href":"https:\/\/takeabreath.mu\/fr\/wp-json\/wp\/v2\/media?parent=7233"}],"wp:term":[{"taxonomy":"product_brand","embeddable":true,"href":"https:\/\/takeabreath.mu\/fr\/wp-json\/wp\/v2\/product_brand?post=7233"},{"taxonomy":"product_cat","embeddable":true,"href":"https:\/\/takeabreath.mu\/fr\/wp-json\/wp\/v2\/product_cat?post=7233"},{"taxonomy":"product_tag","embeddable":true,"href":"https:\/\/takeabreath.mu\/fr\/wp-json\/wp\/v2\/product_tag?post=7233"}],"curies":[{"name":"wp","href":"https:\/\/api.w.org\/{rel}","templated":true}]}}