{"id":7222,"date":"2024-07-01T15:47:02","date_gmt":"2024-07-01T11:47:02","guid":{"rendered":"https:\/\/takeabreath.mu\/product\/le-parc-de-la-vanille-a-la-rencontre-des-crocodiles\/"},"modified":"2025-11-18T20:58:21","modified_gmt":"2025-11-18T16:58:21","slug":"crocodilesmaurice","status":"publish","type":"product","link":"https:\/\/takeabreath.mu\/fr\/produits\/crocodilesmaurice\/","title":{"rendered":"Le parc de La Vanille &#8211; A la rencontre des Crocodiles!!"},"content":{"rendered":"<p><span data-sheets-root=\"1\" data-sheets-value=\"{\" data-sheets-userformat=\"{\">D\u00e9couvrez le charmant parc naturel de La Vanille, cr\u00e9\u00e9 en 1985 et initialement connu sous le nom de parc aux crocodiles de La Vanille. Nich\u00e9 dans une r\u00e9serve luxuriante de 5 hectares, le parc est d\u00e9di\u00e9 \u00e0 l&#8217;hospitalit\u00e9 mauricienne, \u00e0 la conservation de la nature et au bien-\u00eatre animal. Nos guides exp\u00e9riment\u00e9s vous guideront dans une visite inoubliable \u00e0 travers ce cadre magique. Le parc participe activement \u00e0 des efforts de conservation essentiels, notamment la protection de l&#8217;habitat, l&#8217;\u00e9levage en captivit\u00e9 et l&#8217;agriculture durable afin de pr\u00e9server l&#8217;incroyable diversit\u00e9 des esp\u00e8ces v\u00e9g\u00e9tales et animales. Apr\u00e8s votre visite, laissez-vous tenter par une exp\u00e9rience d\u00e9jeuner au restaurant &#8220;Le Crocodile Affam\u00e9&#8221;, perch\u00e9 dans les cimes des arbres avec une vue imprenable sur la vall\u00e9e bois\u00e9e.<\/span><\/p>\n<div id=\"erdyt-69e9068e86e51\" data-id=\"qrSeTbpl1HE\" class=\"erd-youtube-responsive\" style=\"display:block;position:relative;clear:both;width:100%;max-width:100%;margin-left:auto;margin-right:auto;\"><div style=\"padding-bottom:56.25%;\"><div class=\"erd-ytplay\" id=\"erdytp-qrSeTbpl1HE-69e9068e86e51\" data-vid=\"qrSeTbpl1HE\"   data-src=\"https:\/\/www.youtube.com\/embed\/qrSeTbpl1HE?loop=1&#038;autoplay=1&#038;rel=0\" data-allowfullscreen=\"true\"><img decoding=\"async\" src=\"https:\/\/i.ytimg.com\/vi\/qrSeTbpl1HE\/hqdefault.jpg\" alt=\"YouTube Video\" \/><\/div><\/div><\/div>\n","protected":false},"excerpt":{"rendered":"<p>D\u00e9couvrez le charmant parc naturel de La Vanille, cr\u00e9\u00e9 en 1985 et initialement connu sous le nom de parc aux crocodiles de La Vanille. Nich\u00e9 dans une r\u00e9serve luxuriante de 5 hectares, le parc est d\u00e9di\u00e9 \u00e0 l&#8217;hospitalit\u00e9 mauricienne, \u00e0 la conservation de la nature et au bien-\u00eatre animal. Nos guides exp\u00e9riment\u00e9s vous guideront dans [&hellip;]<\/p>\n","protected":false},"featured_media":7221,"comment_status":"closed","ping_status":"closed","template":"","meta":{"_acf_changed":false},"product_brand":[],"product_cat":[17],"product_tag":[],"class_list":{"0":"post-7222","1":"product","2":"type-product","3":"status-publish","4":"has-post-thumbnail","6":"product_cat-sports-outdoors","7":"country-maurice","9":"first","10":"instock","11":"virtual","12":"purchasable","13":"product-type-simple"},"exclude_global_add_ons":false,"addons":[{"name":"Entr\u00e9e uniquement pour les personnes de plus de 12 ans","type":"input_multiplier","position":0,"required":true,"title_format":"label","default":"","description_enable":false,"description":"","placeholder_enable":false,"placeholder":"","display":"select","restrictions_type":"any_text","adjust_price":true,"price":"975","price_type":"quantity_based","restrictions":false,"min":"0","max":"0","options":[],"id":1719848823},{"name":"Entr\u00e9e uniquement par personne de 3 \u00e0 11.99 ans","type":"input_multiplier","position":1,"required":false,"title_format":"label","default":"","description_enable":false,"description":"","placeholder_enable":false,"placeholder":"","display":"select","restrictions_type":"any_text","adjust_price":true,"price":"685","price_type":"quantity_based","restrictions":false,"min":"0","max":"0","options":[],"id":1719848824},{"name":"Date de r\u00e9servation","type":"custom_text","position":0,"required":true,"title_format":"label","default":"","description_enable":false,"description":"","placeholder_enable":false,"placeholder":"","display":"select","restrictions_type":"any_text","adjust_price":false,"price":"","price_type":"flat_fee","restrictions":false,"min":"0","max":"0","options":[],"id":1669760350}],"acf":[],"_links":{"self":[{"href":"https:\/\/takeabreath.mu\/fr\/wp-json\/wp\/v2\/product\/7222","targetHints":{"allow":["GET"]}}],"collection":[{"href":"https:\/\/takeabreath.mu\/fr\/wp-json\/wp\/v2\/product"}],"about":[{"href":"https:\/\/takeabreath.mu\/fr\/wp-json\/wp\/v2\/types\/product"}],"replies":[{"embeddable":true,"href":"https:\/\/takeabreath.mu\/fr\/wp-json\/wp\/v2\/comments?post=7222"}],"wp:featuredmedia":[{"embeddable":true,"href":"https:\/\/takeabreath.mu\/fr\/wp-json\/wp\/v2\/media\/7221"}],"wp:attachment":[{"href":"https:\/\/takeabreath.mu\/fr\/wp-json\/wp\/v2\/media?parent=7222"}],"wp:term":[{"taxonomy":"product_brand","embeddable":true,"href":"https:\/\/takeabreath.mu\/fr\/wp-json\/wp\/v2\/product_brand?post=7222"},{"taxonomy":"product_cat","embeddable":true,"href":"https:\/\/takeabreath.mu\/fr\/wp-json\/wp\/v2\/product_cat?post=7222"},{"taxonomy":"product_tag","embeddable":true,"href":"https:\/\/takeabreath.mu\/fr\/wp-json\/wp\/v2\/product_tag?post=7222"}],"curies":[{"name":"wp","href":"https:\/\/api.w.org\/{rel}","templated":true}]}}