{"id":7189,"date":"2024-06-06T12:20:55","date_gmt":"2024-06-06T08:20:55","guid":{"rendered":"https:\/\/takeabreath.mu\/product\/catamaran-en-partage-inclus-avec-dejeuner-bbq-et-boissons-locales\/"},"modified":"2026-03-09T17:59:20","modified_gmt":"2026-03-09T13:59:20","slug":"catamaranmaurice","status":"publish","type":"product","link":"https:\/\/takeabreath.mu\/fr\/produits\/catamaranmaurice\/","title":{"rendered":"Catamaran En Partage inclus avec d\u00e9jeuner BBQ et boissons locales"},"content":{"rendered":"<p>L\u00c0 O\u00d9 L&#8217;AVENTURE COMMENCE. Croisi\u00e8res en catamaran uniques : <\/p>\n<p>Embarquez pour un voyage unique en son genre en montant \u00e0 bord de notre flotte de catamarans pour une exp\u00e9rience de pur bonheur en haute mer. Nos croisi\u00e8res en catamaran offrent des voyages qui promettent d\u00e9tente, aventure et une profonde connexion avec la beaut\u00e9 de l&#8217;oc\u00e9an.. <\/p>\n<p>&nbsp;<\/p>\n","protected":false},"excerpt":{"rendered":"<p>L\u00c0 O\u00d9 L&#8217;AVENTURE COMMENCE. Croisi\u00e8res en catamaran uniques : Embarquez pour un voyage unique en son genre en montant \u00e0 bord de notre flotte de catamarans pour une exp\u00e9rience de pur bonheur en haute mer. Nos croisi\u00e8res en catamaran offrent des voyages qui promettent d\u00e9tente, aventure et une profonde connexion avec la beaut\u00e9 de l&#8217;oc\u00e9an.. [&hellip;]<\/p>\n","protected":false},"featured_media":7154,"comment_status":"closed","ping_status":"closed","template":"","meta":{"_acf_changed":false},"product_brand":[],"product_cat":[1391,1394,1390,1392,1393,72],"product_tag":[],"class_list":{"0":"post-7189","1":"product","2":"type-product","3":"status-publish","4":"has-post-thumbnail","6":"product_cat-catamaran","7":"product_cat-les-iles-du-nord","8":"product_cat-les-iles-du-sud-est","9":"product_cat-observation-des-dauphins","10":"product_cat-snorkeling","11":"product_cat-sports-plein-air","12":"country-maurice","14":"first","15":"instock","16":"virtual","17":"purchasable","18":"product-type-simple"},"exclude_global_add_ons":false,"addons":[{"name":"Catamaran Nord Par Personne \u00e0 partir de 12 Ans","type":"input_multiplier","position":0,"required":false,"title_format":"label","default":"","description_enable":false,"description":null,"placeholder_enable":false,"placeholder":null,"display":"select","restrictions_type":"any_text","adjust_price":true,"price":"3300","price_type":"quantity_based","restrictions":false,"min":"0","max":"0","options":[],"id":1717687996},{"name":"Catamaran Nord Par Personne 3 Ans \u00e0 11.99 Ans","type":"input_multiplier","position":1,"required":false,"title_format":"label","default":"","description_enable":false,"description":null,"placeholder_enable":false,"placeholder":null,"display":"select","restrictions_type":"any_text","adjust_price":true,"price":"1650","price_type":"quantity_based","restrictions":false,"min":"0","max":"0","options":[],"id":1717687997},{"name":"Catamaran Nord Par Personne 0-3 Ans","type":"input_multiplier","position":2,"required":false,"title_format":"label","default":"","description_enable":false,"description":null,"placeholder_enable":false,"placeholder":null,"display":"select","restrictions_type":"any_text","adjust_price":true,"price":"800","price_type":"quantity_based","restrictions":false,"min":"0","max":"0","options":[],"id":1725709111},{"name":"Catamaran Nord-Est Par Personne \u00e0 partir de 12 Ans","type":"input_multiplier","position":3,"required":false,"title_format":"label","default":"","description_enable":false,"description":null,"placeholder_enable":false,"placeholder":null,"display":"select","restrictions_type":"any_text","adjust_price":true,"price":"3150","price_type":"quantity_based","restrictions":false,"min":"0","max":"0","options":[],"id":1725895912},{"name":"Catamaran Nord-Est Par personne de 3 \u00e0 11.99 ans","type":"input_multiplier","position":4,"required":false,"title_format":"label","default":"","description_enable":false,"description":null,"placeholder_enable":false,"placeholder":null,"display":"select","restrictions_type":"any_text","adjust_price":true,"price":"1550","price_type":"quantity_based","restrictions":false,"min":"0","max":"0","options":[],"id":1725895913},{"name":"Catamaran Nord-Est Par Personne 0-3 Ans","type":"input_multiplier","position":5,"required":false,"title_format":"label","default":"","description_enable":false,"description":null,"placeholder_enable":false,"placeholder":null,"display":"select","restrictions_type":"any_text","adjust_price":true,"price":"800","price_type":"quantity_based","restrictions":false,"min":"0","max":"0","options":[],"id":1725895914},{"name":"Catamaran Sud-Est Par Personne \u00e0 partir de 12 Ans","type":"input_multiplier","position":6,"required":false,"title_format":"label","default":"","description_enable":false,"description":null,"placeholder_enable":false,"placeholder":null,"display":"select","restrictions_type":"any_text","adjust_price":true,"price":"3300","price_type":"quantity_based","restrictions":false,"min":"0","max":"0","options":[],"id":1725895915},{"name":"Catamaran Sud-Est Par Personne \u00e0 partir de 12 Ans","type":"input_multiplier","position":7,"required":false,"title_format":"label","default":"","description_enable":false,"description":null,"placeholder_enable":false,"placeholder":null,"display":"select","restrictions_type":"any_text","adjust_price":true,"price":"1650","price_type":"quantity_based","restrictions":false,"min":"0","max":"0","options":[],"id":1725895916},{"name":"Catamaran Sud-Est Par Personne 0-3 Ans","type":"input_multiplier","position":8,"required":false,"title_format":"label","default":"","description_enable":false,"description":null,"placeholder_enable":false,"placeholder":null,"display":"select","restrictions_type":"any_text","adjust_price":true,"price":"800","price_type":"quantity_based","restrictions":false,"min":"0","max":"0","options":[],"id":1725895917},{"name":"Catamaran Sud-Ouest Par Personne \u00e0 partir de 12 Ans","type":"input_multiplier","position":9,"required":false,"title_format":"label","default":"","description_enable":false,"description":null,"placeholder_enable":false,"placeholder":null,"display":"select","restrictions_type":"any_text","adjust_price":true,"price":"3300","price_type":"quantity_based","restrictions":false,"min":"0","max":"0","options":[],"id":1725895918},{"name":"Catamaran Sud-Ouest Par Personne 3-11.99 Ans","type":"input_multiplier","position":10,"required":false,"title_format":"label","default":"","description_enable":false,"description":null,"placeholder_enable":false,"placeholder":null,"display":"select","restrictions_type":"any_text","adjust_price":true,"price":"1650","price_type":"quantity_based","restrictions":false,"min":"0","max":"0","options":[],"id":1725895919},{"name":"Catamaran Sud-Ouest Par Personne 0-2.99 Ans","type":"input_multiplier","position":11,"required":false,"title_format":"label","default":"","description_enable":false,"description":null,"placeholder_enable":false,"placeholder":null,"display":"select","restrictions_type":"any_text","adjust_price":true,"price":"800","price_type":"quantity_based","restrictions":false,"min":"0","max":"0","options":[],"id":1725895920},{"name":"Date de r\u00e9servation","type":"custom_text","position":0,"required":true,"title_format":"label","default":"","description_enable":false,"description":"","placeholder_enable":false,"placeholder":"","display":"select","restrictions_type":"any_text","adjust_price":false,"price":"","price_type":"flat_fee","restrictions":false,"min":"0","max":"0","options":[],"id":1669760350}],"acf":[],"_links":{"self":[{"href":"https:\/\/takeabreath.mu\/fr\/wp-json\/wp\/v2\/product\/7189","targetHints":{"allow":["GET"]}}],"collection":[{"href":"https:\/\/takeabreath.mu\/fr\/wp-json\/wp\/v2\/product"}],"about":[{"href":"https:\/\/takeabreath.mu\/fr\/wp-json\/wp\/v2\/types\/product"}],"replies":[{"embeddable":true,"href":"https:\/\/takeabreath.mu\/fr\/wp-json\/wp\/v2\/comments?post=7189"}],"wp:featuredmedia":[{"embeddable":true,"href":"https:\/\/takeabreath.mu\/fr\/wp-json\/wp\/v2\/media\/7154"}],"wp:attachment":[{"href":"https:\/\/takeabreath.mu\/fr\/wp-json\/wp\/v2\/media?parent=7189"}],"wp:term":[{"taxonomy":"product_brand","embeddable":true,"href":"https:\/\/takeabreath.mu\/fr\/wp-json\/wp\/v2\/product_brand?post=7189"},{"taxonomy":"product_cat","embeddable":true,"href":"https:\/\/takeabreath.mu\/fr\/wp-json\/wp\/v2\/product_cat?post=7189"},{"taxonomy":"product_tag","embeddable":true,"href":"https:\/\/takeabreath.mu\/fr\/wp-json\/wp\/v2\/product_tag?post=7189"}],"curies":[{"name":"wp","href":"https:\/\/api.w.org\/{rel}","templated":true}]}}