{"id":7188,"date":"2024-06-18T15:28:06","date_gmt":"2024-06-18T11:28:06","guid":{"rendered":"https:\/\/takeabreath.mu\/product\/lequitation-avec-haras-du-morne\/"},"modified":"2025-12-09T16:04:03","modified_gmt":"2025-12-09T12:04:03","slug":"lequitationmaurice","status":"publish","type":"product","link":"https:\/\/takeabreath.mu\/fr\/produits\/lequitationmaurice\/","title":{"rendered":"Balade \u00e0 cheval"},"content":{"rendered":"<div class=\"book-now-wrap\">\n<div class=\"div-block-7\">Quel que soit votre niveau &#8211; vous \u00eates en route pour une exp\u00e9rience inoubliable !<\/div>\n<\/div>\n<div class=\"section after-hero\">\n<div class=\"text-wrap centered\">\n<p>Lorsque vous arrivez au Club House, vous \u00eates imm\u00e9diatement accueilli et pris en charge par un personnel attentif et attentionn\u00e9.<\/p>\n<div class=\"rich-text-block-4 w-richtext\">\n<p>D&#8217;abord au pas, puis au trot, et enfin, si c&#8217;est possible pour vous, au galop, vous serez toujours accompagn\u00e9, prot\u00e9g\u00e9 et encourag\u00e9. Si vous avez encore le temps, vous pouvez ensuite faire une promenade tranquille jusqu&#8217;\u00e0 la plage. <\/p>\n<p>Un moment inoubliable d&#8217;apprentissage et de d\u00e9tente &#8211; vous reviendrez pour en profiter encore plus !<\/p>\n<\/div>\n<\/div>\n<\/div>\n","protected":false},"excerpt":{"rendered":"<p>Quel que soit votre niveau &#8211; vous \u00eates en route pour une exp\u00e9rience inoubliable ! Lorsque vous arrivez au Club House, vous \u00eates imm\u00e9diatement accueilli et pris en charge par un personnel attentif et attentionn\u00e9. D&#8217;abord au pas, puis au trot, et enfin, si c&#8217;est possible pour vous, au galop, vous serez toujours accompagn\u00e9, prot\u00e9g\u00e9 [&hellip;]<\/p>\n","protected":false},"featured_media":7183,"comment_status":"closed","ping_status":"closed","template":"","meta":{"_acf_changed":false},"product_brand":[],"product_cat":[1398],"product_tag":[],"class_list":{"0":"post-7188","1":"product","2":"type-product","3":"status-publish","4":"has-post-thumbnail","6":"product_cat-lequitation-sur-la-plage","7":"country-maurice","9":"first","10":"instock","11":"virtual","12":"purchasable","13":"product-type-simple"},"exclude_global_add_ons":false,"addons":[{"name":"INITIATION 30 mins - Par personne de plus de 12ans","type":"input_multiplier","position":0,"required":false,"title_format":"label","default":"","description_enable":false,"description":null,"placeholder_enable":false,"placeholder":null,"display":"select","restrictions_type":"any_text","adjust_price":true,"price":"3800","price_type":"quantity_based","restrictions":false,"min":"0","max":"0","options":[],"id":1759470622},{"name":"INITIATION 30 mins - Par personne 5-12ans","type":"input_multiplier","position":1,"required":false,"title_format":"label","default":"","description_enable":false,"description":null,"placeholder_enable":false,"placeholder":null,"display":"select","restrictions_type":"any_text","adjust_price":true,"price":"2800","price_type":"quantity_based","restrictions":false,"min":"0","max":"0","options":[],"id":1759470623},{"name":"INITIATION 1 Heure - Par personne de plus de 12ans","type":"input_multiplier","position":2,"required":false,"title_format":"label","default":"","description_enable":false,"description":null,"placeholder_enable":false,"placeholder":null,"display":"select","restrictions_type":"any_text","adjust_price":true,"price":"5100","price_type":"quantity_based","restrictions":false,"min":"0","max":"0","options":[],"id":1759470624},{"name":"INITIATION 1 Heure - Par personne 5-12ans","type":"input_multiplier","position":3,"required":false,"title_format":"label","default":"","description_enable":false,"description":null,"placeholder_enable":false,"placeholder":null,"display":"select","restrictions_type":"any_text","adjust_price":true,"price":"3800","price_type":"quantity_based","restrictions":false,"min":"0","max":"0","options":[],"id":1759470625},{"name":"BALADE SUR LA PLAGE 30mins - Par personne de plus de 12ans","type":"input_multiplier","position":4,"required":false,"title_format":"label","default":"","description_enable":false,"description":null,"placeholder_enable":false,"placeholder":null,"display":"select","restrictions_type":"any_text","adjust_price":true,"price":"3800","price_type":"quantity_based","restrictions":false,"min":"0","max":"0","options":[],"id":1759470626},{"name":"BALADE SUR LA PLAGE 30mins - Par personne 5-12ans","type":"input_multiplier","position":5,"required":false,"title_format":"label","default":"","description_enable":false,"description":null,"placeholder_enable":false,"placeholder":null,"display":"select","restrictions_type":"any_text","adjust_price":true,"price":"2800","price_type":"quantity_based","restrictions":false,"min":"0","max":"0","options":[],"id":1759470628},{"name":"BALADE SUR LA PLAGE 1 Heure - Par personne de plus de 12ans","type":"input_multiplier","position":6,"required":false,"title_format":"label","default":"","description_enable":false,"description":null,"placeholder_enable":false,"placeholder":null,"display":"select","restrictions_type":"any_text","adjust_price":true,"price":"5100","price_type":"quantity_based","restrictions":false,"min":"0","max":"0","options":[],"id":1759470627},{"name":"BALADE SUR LA PLAGE 30mins - Par personne 5-12ans","type":"input_multiplier","position":7,"required":false,"title_format":"label","default":"","description_enable":false,"description":null,"placeholder_enable":false,"placeholder":null,"display":"select","restrictions_type":"any_text","adjust_price":true,"price":"3800","price_type":"quantity_based","restrictions":false,"min":"0","max":"0","options":[],"id":1759470629},{"name":"NAGE 1 Heure - Par personne de plus de 12ans","type":"input_multiplier","position":8,"required":false,"title_format":"label","default":"","description_enable":false,"description":null,"placeholder_enable":false,"placeholder":null,"display":"select","restrictions_type":"any_text","adjust_price":true,"price":"5400","price_type":"quantity_based","restrictions":false,"min":"0","max":"0","options":[],"id":1759470630},{"name":"NAGE 1 Heure - Par personne 5-12ans","type":"input_multiplier","position":9,"required":false,"title_format":"label","default":"","description_enable":false,"description":null,"placeholder_enable":false,"placeholder":null,"display":"select","restrictions_type":"any_text","adjust_price":true,"price":"4100","price_type":"quantity_based","restrictions":false,"min":"0","max":"0","options":[],"id":1759470631},{"name":"CAVALIERS CONFIRMES 1 Heure 30mins - Par personne de plus de 12ans","type":"input_multiplier","position":10,"required":false,"title_format":"label","default":"","description_enable":false,"description":null,"placeholder_enable":false,"placeholder":null,"display":"select","restrictions_type":"any_text","adjust_price":true,"price":"5900","price_type":"quantity_based","restrictions":false,"min":"0","max":"0","options":[],"id":1759470632},{"name":"CAVALIERS CONFIRMES 1 Heure 30mins - Par personne 5-12ans","type":"input_multiplier","position":11,"required":false,"title_format":"label","default":"","description_enable":false,"description":null,"placeholder_enable":false,"placeholder":null,"display":"select","restrictions_type":"any_text","adjust_price":true,"price":"4400","price_type":"quantity_based","restrictions":false,"min":"0","max":"0","options":[],"id":1759470633},{"name":"Date de r\u00e9servation","type":"custom_text","position":0,"required":true,"title_format":"label","default":"","description_enable":false,"description":"","placeholder_enable":false,"placeholder":"","display":"select","restrictions_type":"any_text","adjust_price":false,"price":"","price_type":"flat_fee","restrictions":false,"min":"0","max":"0","options":[],"id":1669760350}],"acf":[],"_links":{"self":[{"href":"https:\/\/takeabreath.mu\/fr\/wp-json\/wp\/v2\/product\/7188","targetHints":{"allow":["GET"]}}],"collection":[{"href":"https:\/\/takeabreath.mu\/fr\/wp-json\/wp\/v2\/product"}],"about":[{"href":"https:\/\/takeabreath.mu\/fr\/wp-json\/wp\/v2\/types\/product"}],"replies":[{"embeddable":true,"href":"https:\/\/takeabreath.mu\/fr\/wp-json\/wp\/v2\/comments?post=7188"}],"wp:featuredmedia":[{"embeddable":true,"href":"https:\/\/takeabreath.mu\/fr\/wp-json\/wp\/v2\/media\/7183"}],"wp:attachment":[{"href":"https:\/\/takeabreath.mu\/fr\/wp-json\/wp\/v2\/media?parent=7188"}],"wp:term":[{"taxonomy":"product_brand","embeddable":true,"href":"https:\/\/takeabreath.mu\/fr\/wp-json\/wp\/v2\/product_brand?post=7188"},{"taxonomy":"product_cat","embeddable":true,"href":"https:\/\/takeabreath.mu\/fr\/wp-json\/wp\/v2\/product_cat?post=7188"},{"taxonomy":"product_tag","embeddable":true,"href":"https:\/\/takeabreath.mu\/fr\/wp-json\/wp\/v2\/product_tag?post=7188"}],"curies":[{"name":"wp","href":"https:\/\/api.w.org\/{rel}","templated":true}]}}