{"id":7167,"date":"2025-04-03T17:41:26","date_gmt":"2025-04-03T13:41:26","guid":{"rendered":"https:\/\/takeabreath.mu\/product\/test\/"},"modified":"2026-03-09T17:56:16","modified_gmt":"2026-03-09T13:56:16","slug":"hydravionmaurice","status":"publish","type":"product","link":"https:\/\/takeabreath.mu\/fr\/produits\/hydravionmaurice\/","title":{"rendered":"Sorties en hydravion &#8211; C\u00f4te sud"},"content":{"rendered":"<p class=\"elementor-heading-title elementor-size-default\">SORTIES EN HYDRAVION A L&#8217;ILE MAURICE<\/p>\n<p>D\u00e9couvrez de magnifiques panoramas c\u00f4tiers et des endroits secrets vus du ciel gr\u00e2ce \u00e0 nos excursions en hydravion. Profitez d&#8217;un vol fluide et passionnant pour admirer les eaux limpides, les plages cach\u00e9es et les paysages \u00e9tonnants depuis le ciel. <\/p>\n<p>Survolez l&#8217;\u00eele Maurice et admirez les paysages \u00e9poustouflants de l&#8217;\u00eele depuis le ciel. Que ce soit votre premi\u00e8re visite ou que vous soyez d\u00e9j\u00e0 venu, c&#8217;est une exp\u00e9rience \u00e0 ne pas manquer. <\/p>\n<section class=\"elementor-section elementor-inner-section elementor-element elementor-element-4382996 elementor-section-boxed elementor-section-height-default elementor-section-height-default jet-parallax-section\" data-id=\"4382996\" data-element_type=\"section\" data-settings=\"{\"jet_parallax_layout_list\":[{\"jet_parallax_layout_image\":{\"url\":\"\",\"id\":\"\",\"size\":\"\"},\"_id\":\"017ff78\",\"jet_parallax_layout_image_tablet\":{\"url\":\"\",\"id\":\"\",\"size\":\"\"},\"jet_parallax_layout_image_mobile\":{\"url\":\"\",\"id\":\"\",\"size\":\"\"},\"jet_parallax_layout_speed\":{\"unit\":\"%\",\"size\":50,\"sizes\":[]},\"jet_parallax_layout_type\":\"scroll\",\"jet_parallax_layout_direction\":null,\"jet_parallax_layout_fx_direction\":null,\"jet_parallax_layout_z_index\":\"\",\"jet_parallax_layout_bg_x\":50,\"jet_parallax_layout_bg_x_tablet\":\"\",\"jet_parallax_layout_bg_x_mobile\":\"\",\"jet_parallax_layout_bg_y\":50,\"jet_parallax_layout_bg_y_tablet\":\"\",\"jet_parallax_layout_bg_y_mobile\":\"\",\"jet_parallax_layout_bg_size\":\"auto\",\"jet_parallax_layout_bg_size_tablet\":\"\",\"jet_parallax_layout_bg_size_mobile\":\"\",\"jet_parallax_layout_animation_prop\":\"transform\",\"jet_parallax_layout_on\":[\"desktop\",\"tablet\"]}]}\">\n<div class=\"jet-parallax-section__layout elementor-repeater-item-017ff78 jet-parallax-section__scroll-layout\">\n<div class=\"jet-parallax-section__image\">Tous nos circuits vous emm\u00e8neront au-dessus de l&#8217;\u00e9poustouflante chute d&#8217;eau sous-marine, vous permettant ainsi d&#8217;observer cette \u00e9tonnante merveille naturelle depuis le ciel.<\/div>\n<\/div>\n<\/section>\n","protected":false},"excerpt":{"rendered":"<p>SORTIES EN HYDRAVION A L&#8217;ILE MAURICE D\u00e9couvrez de magnifiques panoramas c\u00f4tiers et des endroits secrets vus du ciel gr\u00e2ce \u00e0 nos excursions en hydravion. Profitez d&#8217;un vol fluide et passionnant pour admirer les eaux limpides, les plages cach\u00e9es et les paysages \u00e9tonnants depuis le ciel. Survolez l&#8217;\u00eele Maurice et admirez les paysages \u00e9poustouflants de l&#8217;\u00eele [&hellip;]<\/p>\n","protected":false},"featured_media":7450,"comment_status":"closed","ping_status":"closed","template":"","meta":{"_acf_changed":false},"product_brand":[],"product_cat":[72],"product_tag":[],"class_list":{"0":"post-7167","1":"product","2":"type-product","3":"status-publish","4":"has-post-thumbnail","6":"product_cat-sports-plein-air","7":"country-maurice","9":"first","10":"instock","11":"virtual","12":"purchasable","13":"product-type-simple"},"exclude_global_add_ons":false,"addons":[{"name":"Vol Solo Par Personne 15 mins","type":"input_multiplier","position":0,"required":false,"title_format":"label","default":"","description_enable":false,"description":null,"placeholder_enable":false,"placeholder":null,"display":"select","restrictions_type":"any_text","adjust_price":true,"price":"8605","price_type":"quantity_based","restrictions":false,"min":"0","max":"0","options":[],"id":1753886944},{"name":"Vol Solo Par Personne 25 mins","type":"input_multiplier","position":1,"required":false,"title_format":"label","default":"","description_enable":false,"description":null,"placeholder_enable":false,"placeholder":null,"display":"select","restrictions_type":"any_text","adjust_price":true,"price":"11840","price_type":"quantity_based","restrictions":false,"min":"0","max":"0","options":[],"id":1753886945},{"name":"Vol Solo Par Personne 40 mins","type":"input_multiplier","position":2,"required":false,"title_format":"label","default":"","description_enable":false,"description":null,"placeholder_enable":false,"placeholder":null,"display":"select","restrictions_type":"any_text","adjust_price":true,"price":"17270","price_type":"quantity_based","restrictions":false,"min":"0","max":"0","options":[],"id":1753886946},{"name":"Vol Solo Par Personne 80 mins","type":"input_multiplier","position":3,"required":false,"title_format":"label","default":"","description_enable":false,"description":null,"placeholder_enable":false,"placeholder":null,"display":"select","restrictions_type":"any_text","adjust_price":true,"price":"30030","price_type":"quantity_based","restrictions":false,"min":"0","max":"0","options":[],"id":1753886947},{"name":"Vol Duo 15 mins","type":"input_multiplier","position":4,"required":false,"title_format":"label","default":"","description_enable":true,"description":"Deux avions, Une personne par avion","placeholder_enable":false,"placeholder":null,"display":"select","restrictions_type":"any_text","adjust_price":true,"price":"20100","price_type":"quantity_based","restrictions":false,"min":"0","max":"0","options":[],"id":1753886948},{"name":"Vol Duo 25 mins","type":"input_multiplier","position":5,"required":false,"title_format":"label","default":"","description_enable":true,"description":"Deux avions, Une personne par avion","placeholder_enable":false,"placeholder":null,"display":"select","restrictions_type":"any_text","adjust_price":true,"price":"26565","price_type":"quantity_based","restrictions":false,"min":"0","max":"0","options":[],"id":1753886949},{"name":"Vol Duo 40 mins","type":"input_multiplier","position":6,"required":false,"title_format":"label","default":"","description_enable":true,"description":"Deux avions, Une personne par avion","placeholder_enable":false,"placeholder":null,"display":"select","restrictions_type":"any_text","adjust_price":true,"price":"37425","price_type":"quantity_based","restrictions":false,"min":"0","max":"0","options":[],"id":1753886950},{"name":"Vol Duo 80 mins","type":"input_multiplier","position":7,"required":false,"title_format":"label","default":"","description_enable":true,"description":"Deux avions, Une personne par avion","placeholder_enable":false,"placeholder":null,"display":"select","restrictions_type":"any_text","adjust_price":true,"price":"59950","price_type":"quantity_based","restrictions":false,"min":"0","max":"0","options":[],"id":1753886951},{"name":"Date de r\u00e9servation","type":"custom_text","position":0,"required":true,"title_format":"label","default":"","description_enable":false,"description":"","placeholder_enable":false,"placeholder":"","display":"select","restrictions_type":"any_text","adjust_price":false,"price":"","price_type":"flat_fee","restrictions":false,"min":"0","max":"0","options":[],"id":1669760350}],"acf":[],"_links":{"self":[{"href":"https:\/\/takeabreath.mu\/fr\/wp-json\/wp\/v2\/product\/7167","targetHints":{"allow":["GET"]}}],"collection":[{"href":"https:\/\/takeabreath.mu\/fr\/wp-json\/wp\/v2\/product"}],"about":[{"href":"https:\/\/takeabreath.mu\/fr\/wp-json\/wp\/v2\/types\/product"}],"replies":[{"embeddable":true,"href":"https:\/\/takeabreath.mu\/fr\/wp-json\/wp\/v2\/comments?post=7167"}],"wp:featuredmedia":[{"embeddable":true,"href":"https:\/\/takeabreath.mu\/fr\/wp-json\/wp\/v2\/media\/7450"}],"wp:attachment":[{"href":"https:\/\/takeabreath.mu\/fr\/wp-json\/wp\/v2\/media?parent=7167"}],"wp:term":[{"taxonomy":"product_brand","embeddable":true,"href":"https:\/\/takeabreath.mu\/fr\/wp-json\/wp\/v2\/product_brand?post=7167"},{"taxonomy":"product_cat","embeddable":true,"href":"https:\/\/takeabreath.mu\/fr\/wp-json\/wp\/v2\/product_cat?post=7167"},{"taxonomy":"product_tag","embeddable":true,"href":"https:\/\/takeabreath.mu\/fr\/wp-json\/wp\/v2\/product_tag?post=7167"}],"curies":[{"name":"wp","href":"https:\/\/api.w.org\/{rel}","templated":true}]}}