{"id":7150,"date":"2024-07-01T16:49:59","date_gmt":"2024-07-01T12:49:59","guid":{"rendered":"https:\/\/takeabreath.mu\/product\/decouvrez-laventure-du-sucre-experience-historique-de-la-sucrerie-a-maurice\/"},"modified":"2025-12-09T15:57:55","modified_gmt":"2025-12-09T11:57:55","slug":"aventuredusucremaurice","status":"publish","type":"product","link":"https:\/\/takeabreath.mu\/fr\/produits\/aventuredusucremaurice\/","title":{"rendered":"D\u00e9couvrez L\u2019Aventure du Sucre : Exp\u00e9rience Historique de la Sucrerie \u00e0 Maurice"},"content":{"rendered":"<p>La visite du Mus\u00e9e: Une exp\u00e9rience inoubliable! L\u2019Aventure du Sucre offre une exp\u00e9rience unique \u00e0 Maurice : un voyage immersif dans une usine et plantation de sucre du 19\u00e8me si\u00e8cle. L&#8217;histoire de Maurice prend vie sous vos yeux dans ce lieu intemporel. Un parcours passionnant de 5 000 m\u00e8tres carr\u00e9s et 10 espaces th\u00e9matiques interactifs vous invitent \u00e0 d\u00e9couvrir la saga incroyable des femmes et des hommes de divers continents qui ont b\u00e2ti le pays par leur dur labeur, fa\u00e7onnant Maurice en une \u00eele harmonieuse, accueillante et multiculturelle telle qu&#8217;elle est aujourd&#8217;hui. Les \u00e9normes machines permettent \u00e9galement de comprendre la production de cristaux de sucre et de nombreux sous-produits, tels que le rhum, la bagasse pour l&#8217;\u00e9lectricit\u00e9 et les engrais naturels. C&#8217;est l&#8217;occasion d&#8217;explorer l&#8217;ing\u00e9niosit\u00e9 d&#8217;un peuple qui a su valoriser sa pr\u00e9cieuse canne \u00e0 sucre et propulser l&#8217;industrie de la canne \u00e0 sucre \u00e0 l&#8217;avant-garde du progr\u00e8s agro-technologique et de la transition \u00e9nerg\u00e9tique.<\/p>\n<p>&nbsp;<\/p>\n","protected":false},"excerpt":{"rendered":"<p>La visite du Mus\u00e9e: Une exp\u00e9rience inoubliable! L\u2019Aventure du Sucre offre une exp\u00e9rience unique \u00e0 Maurice : un voyage immersif dans une usine et plantation de sucre du 19\u00e8me si\u00e8cle. L&#8217;histoire de Maurice prend vie sous vos yeux dans ce lieu intemporel. Un parcours passionnant de 5 000 m\u00e8tres carr\u00e9s et 10 espaces th\u00e9matiques interactifs [&hellip;]<\/p>\n","protected":false},"featured_media":7124,"comment_status":"closed","ping_status":"closed","template":"","meta":{"_acf_changed":false},"product_brand":[],"product_cat":[1385,1397],"product_tag":[],"class_list":{"0":"post-7150","1":"product","2":"type-product","3":"status-publish","4":"has-post-thumbnail","6":"product_cat-itineraire-du-nord","7":"product_cat-le-musee-de-laventure-du-sucre","8":"country-maurice","10":"first","11":"instock","12":"virtual","13":"purchasable","14":"product-type-simple"},"exclude_global_add_ons":false,"addons":[{"name":"Par personne ag\u00e9e de 12 ans et plus","type":"input_multiplier","position":0,"required":true,"title_format":"label","default":"","description_enable":false,"description":null,"placeholder_enable":false,"placeholder":null,"display":"select","restrictions_type":"any_text","adjust_price":true,"price":"1200","price_type":"quantity_based","restrictions":false,"min":"0","max":"0","options":[],"id":1719322112},{"name":"Par personne ag\u00e9e de 6 \u00e0 11.99 ans","type":"input_multiplier","position":1,"required":false,"title_format":"label","default":"","description_enable":false,"description":null,"placeholder_enable":false,"placeholder":null,"display":"select","restrictions_type":"any_text","adjust_price":true,"price":"600","price_type":"quantity_based","restrictions":false,"min":"0","max":"0","options":[],"id":1719322113},{"name":"Menu A Poulet","type":"input_multiplier","position":2,"required":false,"title_format":"label","default":"","description_enable":false,"description":null,"placeholder_enable":false,"placeholder":null,"display":"select","restrictions_type":"any_text","adjust_price":true,"price":"1200","price_type":"quantity_based","restrictions":false,"min":"0","max":"0","options":[],"id":1743099650},{"name":"Menu B Poisson","type":"input_multiplier","position":3,"required":false,"title_format":"label","default":"","description_enable":false,"description":null,"placeholder_enable":false,"placeholder":null,"display":"select","restrictions_type":"any_text","adjust_price":true,"price":"1400","price_type":"quantity_based","restrictions":false,"min":"0","max":"0","options":[],"id":1743099651},{"name":"Menu C Boeuf","type":"input_multiplier","position":4,"required":false,"title_format":"label","default":"","description_enable":false,"description":null,"placeholder_enable":false,"placeholder":null,"display":"select","restrictions_type":"any_text","adjust_price":true,"price":"1500","price_type":"flat_fee","restrictions":false,"min":"0","max":"0","options":[],"id":1743099652},{"name":"Menu Enfant","type":"input_multiplier","position":5,"required":false,"title_format":"label","default":"","description_enable":false,"description":null,"placeholder_enable":false,"placeholder":null,"display":"select","restrictions_type":"any_text","adjust_price":true,"price":"500","price_type":"quantity_based","restrictions":false,"min":"0","max":"0","options":[],"id":1743099653},{"name":"Date de r\u00e9servation","type":"custom_text","position":0,"required":true,"title_format":"label","default":"","description_enable":false,"description":"","placeholder_enable":false,"placeholder":"","display":"select","restrictions_type":"any_text","adjust_price":false,"price":"","price_type":"flat_fee","restrictions":false,"min":"0","max":"0","options":[],"id":1669760350}],"acf":[],"_links":{"self":[{"href":"https:\/\/takeabreath.mu\/fr\/wp-json\/wp\/v2\/product\/7150","targetHints":{"allow":["GET"]}}],"collection":[{"href":"https:\/\/takeabreath.mu\/fr\/wp-json\/wp\/v2\/product"}],"about":[{"href":"https:\/\/takeabreath.mu\/fr\/wp-json\/wp\/v2\/types\/product"}],"replies":[{"embeddable":true,"href":"https:\/\/takeabreath.mu\/fr\/wp-json\/wp\/v2\/comments?post=7150"}],"wp:featuredmedia":[{"embeddable":true,"href":"https:\/\/takeabreath.mu\/fr\/wp-json\/wp\/v2\/media\/7124"}],"wp:attachment":[{"href":"https:\/\/takeabreath.mu\/fr\/wp-json\/wp\/v2\/media?parent=7150"}],"wp:term":[{"taxonomy":"product_brand","embeddable":true,"href":"https:\/\/takeabreath.mu\/fr\/wp-json\/wp\/v2\/product_brand?post=7150"},{"taxonomy":"product_cat","embeddable":true,"href":"https:\/\/takeabreath.mu\/fr\/wp-json\/wp\/v2\/product_cat?post=7150"},{"taxonomy":"product_tag","embeddable":true,"href":"https:\/\/takeabreath.mu\/fr\/wp-json\/wp\/v2\/product_tag?post=7150"}],"curies":[{"name":"wp","href":"https:\/\/api.w.org\/{rel}","templated":true}]}}