{"id":7057,"date":"2025-03-19T18:50:33","date_gmt":"2025-03-19T14:50:33","guid":{"rendered":"https:\/\/takeabreath.mu\/product\/services-de-transfert\/"},"modified":"2026-04-17T15:49:19","modified_gmt":"2026-04-17T11:49:19","slug":"servicesdetransfertmaurice","status":"publish","type":"product","link":"https:\/\/takeabreath.mu\/fr\/produits\/servicesdetransfertmaurice\/","title":{"rendered":"Services de transfert avec chauffeur"},"content":{"rendered":"<p data-start=\"363\" data-end=\"691\">Laissez-nous g\u00e9rer les soucis des services de transport avec notre \u00e9quipe d\u00e9di\u00e9e.<\/p>\n<p data-start=\"363\" data-end=\"691\">Nous sommes sp\u00e9cialis\u00e9s dans la fourniture de solutions de transport fluides et fiables, garantissant une exp\u00e9rience confortable et sans tracas \u00e0 travers toute l\u2019\u00eele Maurice.<\/p>\n<p data-start=\"363\" data-end=\"691\">Avec une flotte d\u00e9di\u00e9e de v\u00e9hicules bien entretenus et des chauffeurs professionnels, nous garantissons un service exceptionnel adapt\u00e9 aux besoins des voyageurs.<\/p>\n<p data-start=\"693\" data-end=\"896\">Nous am\u00e9liorons l\u2019exp\u00e9rience de voyage en offrant <strong data-start=\"792\" data-end=\"835\">des services de transport d\u00e9di\u00e9s et sans soucis<\/strong> pour les transferts a\u00e9roport, les excursions et les d\u00e9placements sur toute l\u2019\u00eele.<\/p>\n","protected":false},"excerpt":{"rendered":"<p>Laissez-nous g\u00e9rer les soucis des services de transport avec notre \u00e9quipe d\u00e9di\u00e9e. Nous sommes sp\u00e9cialis\u00e9s dans la fourniture de solutions de transport fluides et fiables, garantissant une exp\u00e9rience confortable et sans tracas \u00e0 travers toute l\u2019\u00eele Maurice. Avec une flotte d\u00e9di\u00e9e de v\u00e9hicules bien entretenus et des chauffeurs professionnels, nous garantissons un service exceptionnel adapt\u00e9 [&hellip;]<\/p>\n","protected":false},"featured_media":7152,"comment_status":"closed","ping_status":"closed","template":"","meta":{"_acf_changed":false},"product_brand":[],"product_cat":[1408,1409],"product_tag":[],"class_list":{"0":"post-7057","1":"product","2":"type-product","3":"status-publish","4":"has-post-thumbnail","6":"product_cat-transferts-aeroport","7":"product_cat-transferts-dexcursion","8":"country-maurice","10":"first","11":"instock","12":"virtual","13":"purchasable","14":"product-type-simple"},"exclude_global_add_ons":false,"addons":[{"name":"Voiture standard - Arriv\u00e9es OU D\u00e9parts","type":"input_multiplier","position":0,"required":false,"title_format":"label","default":"","description_enable":true,"description":"Maximum 3 Personnes","placeholder_enable":false,"placeholder":null,"display":"select","restrictions_type":"any_text","adjust_price":true,"price":"2900","price_type":"quantity_based","restrictions":false,"min":"0","max":"0","options":[],"id":1742583319},{"name":"Voiture Standard - Excursions","type":"input_multiplier","position":1,"required":false,"title_format":"label","default":"","description_enable":true,"description":"Maximum 3 Personnes","placeholder_enable":false,"placeholder":null,"display":"select","restrictions_type":"any_text","adjust_price":true,"price":"4500","price_type":"quantity_based","restrictions":false,"min":"0","max":"0","options":[],"id":1742583320},{"name":"Voiture de golf - Arriv\u00e9es OU D\u00e9parts","type":"input_multiplier","position":2,"required":false,"title_format":"label","default":"","description_enable":true,"description":"Maximum 2 Personnes","placeholder_enable":false,"placeholder":null,"display":"select","restrictions_type":"any_text","adjust_price":true,"price":"3100","price_type":"quantity_based","restrictions":false,"min":"0","max":"0","options":[],"id":1742583321},{"name":"Voiture de golf - Excursions","type":"input_multiplier","position":3,"required":false,"title_format":"label","default":"","description_enable":true,"description":"Maximum 3 Personnes","placeholder_enable":false,"placeholder":null,"display":"select","restrictions_type":"any_text","adjust_price":true,"price":"4700","price_type":"quantity_based","restrictions":false,"min":"0","max":"0","options":[],"id":1742583322},{"name":"Minibus \u2013 Arriv\u00e9es OU D\u00e9parts","type":"input_multiplier","position":4,"required":false,"title_format":"label","default":"","description_enable":true,"description":"Maximum 7 Personnes","placeholder_enable":false,"placeholder":null,"display":"select","restrictions_type":"any_text","adjust_price":true,"price":"4500","price_type":"quantity_based","restrictions":false,"min":"0","max":"0","options":[],"id":1742583325},{"name":"Minibus - Excursions","type":"input_multiplier","position":5,"required":false,"title_format":"label","default":"","description_enable":true,"description":"Maximum 10 Personnes","placeholder_enable":false,"placeholder":null,"display":"select","restrictions_type":"any_text","adjust_price":true,"price":"8500","price_type":"quantity_based","restrictions":false,"min":"0","max":"0","options":[],"id":1742583326},{"name":"Date de r\u00e9servation","type":"custom_text","position":0,"required":true,"title_format":"label","default":"","description_enable":false,"description":"","placeholder_enable":false,"placeholder":"","display":"select","restrictions_type":"any_text","adjust_price":false,"price":"","price_type":"flat_fee","restrictions":false,"min":"0","max":"0","options":[],"id":1669760350}],"acf":[],"_links":{"self":[{"href":"https:\/\/takeabreath.mu\/fr\/wp-json\/wp\/v2\/product\/7057","targetHints":{"allow":["GET"]}}],"collection":[{"href":"https:\/\/takeabreath.mu\/fr\/wp-json\/wp\/v2\/product"}],"about":[{"href":"https:\/\/takeabreath.mu\/fr\/wp-json\/wp\/v2\/types\/product"}],"replies":[{"embeddable":true,"href":"https:\/\/takeabreath.mu\/fr\/wp-json\/wp\/v2\/comments?post=7057"}],"wp:featuredmedia":[{"embeddable":true,"href":"https:\/\/takeabreath.mu\/fr\/wp-json\/wp\/v2\/media\/7152"}],"wp:attachment":[{"href":"https:\/\/takeabreath.mu\/fr\/wp-json\/wp\/v2\/media?parent=7057"}],"wp:term":[{"taxonomy":"product_brand","embeddable":true,"href":"https:\/\/takeabreath.mu\/fr\/wp-json\/wp\/v2\/product_brand?post=7057"},{"taxonomy":"product_cat","embeddable":true,"href":"https:\/\/takeabreath.mu\/fr\/wp-json\/wp\/v2\/product_cat?post=7057"},{"taxonomy":"product_tag","embeddable":true,"href":"https:\/\/takeabreath.mu\/fr\/wp-json\/wp\/v2\/product_tag?post=7057"}],"curies":[{"name":"wp","href":"https:\/\/api.w.org\/{rel}","templated":true}]}}