{"id":7040,"date":"2024-09-09T09:21:59","date_gmt":"2024-09-09T05:21:59","guid":{"rendered":"https:\/\/takeabreath.mu\/product\/oceanarium-odysseo-explorez-les-tresors-caches-de-locean-indien\/"},"modified":"2025-08-06T07:34:23","modified_gmt":"2025-08-06T03:34:23","slug":"oceanarium-odysseo-explorez-les-tresors-caches-de-locean-indien","status":"publish","type":"product","link":"https:\/\/takeabreath.mu\/fr\/produits\/oceanarium-odysseo-explorez-les-tresors-caches-de-locean-indien\/","title":{"rendered":"Oceanarium Odysseo: A la d\u00e9couverte des tr\u00e9sors cach\u00e9s de l&#8217;Oc\u00e9an Indien"},"content":{"rendered":"<p>D\u00e9couvrez le monde enchanteur d&#8217;Odysseo, o\u00f9 vous serez plong\u00e9 dans la beaut\u00e9 \u00e0 couper le souffle de l&#8217;oc\u00e9an. Admirez la vie marine vibrante, des poissons exotiques aux coraux complexes, r\u00e9v\u00e9lant les tr\u00e9sors cach\u00e9s de l&#8217;oc\u00e9an Indien. Explorez ses myst\u00e8res et embrassez ses merveilles naturelles, pr\u00e9servant cet h\u00e9ritage pr\u00e9cieux pour les g\u00e9n\u00e9rations futures.  <\/p>\n<div id=\"erdyt-69e91fad55b79\" data-id=\"CXfV28rFXTI\" class=\"erd-youtube-responsive\" style=\"display:block;position:relative;clear:both;width:100%;max-width:100%;margin-left:auto;margin-right:auto;\"><div style=\"padding-bottom:56.25%;\"><div class=\"erd-ytplay\" id=\"erdytp-CXfV28rFXTI-69e91fad55b79\" data-vid=\"CXfV28rFXTI\"   data-src=\"https:\/\/www.youtube.com\/embed\/CXfV28rFXTI?loop=1&#038;autoplay=1&#038;rel=0\" data-allowfullscreen=\"true\"><img decoding=\"async\" src=\"https:\/\/i.ytimg.com\/vi\/CXfV28rFXTI\/hqdefault.jpg\" alt=\"YouTube Video\" \/><\/div><\/div><\/div>\n","protected":false},"excerpt":{"rendered":"<p>D\u00e9couvrez le monde enchanteur d&#8217;Odysseo, o\u00f9 vous serez plong\u00e9 dans la beaut\u00e9 \u00e0 couper le souffle de l&#8217;oc\u00e9an. Admirez la vie marine vibrante, des poissons exotiques aux coraux complexes, r\u00e9v\u00e9lant les tr\u00e9sors cach\u00e9s de l&#8217;oc\u00e9an Indien. Explorez ses myst\u00e8res et embrassez ses merveilles naturelles, pr\u00e9servant cet h\u00e9ritage pr\u00e9cieux pour les g\u00e9n\u00e9rations futures.<\/p>\n","protected":false},"featured_media":7039,"comment_status":"closed","ping_status":"closed","template":"","meta":{"_acf_changed":false},"product_brand":[],"product_cat":[17],"product_tag":[],"class_list":{"0":"post-7040","1":"product","2":"type-product","3":"status-publish","4":"has-post-thumbnail","6":"product_cat-sports-outdoors","7":"country-maurice","9":"first","10":"instock","11":"virtual","12":"purchasable","13":"product-type-simple"},"exclude_global_add_ons":false,"addons":[{"name":"Entr\u00e9e non guid\u00e9e par personne de plus de 13 ans","type":"input_multiplier","position":0,"required":true,"title_format":"label","default":"","description_enable":false,"description":null,"placeholder_enable":false,"placeholder":null,"display":"select","restrictions_type":"any_text","adjust_price":true,"price":"1280","price_type":"quantity_based","restrictions":false,"min":"0","max":"0","options":[],"id":1725702036},{"name":"Entr\u00e9e non guid\u00e9e par personne de 4 \u00e0 12.99 ans","type":"input_multiplier","position":1,"required":false,"title_format":"label","default":"","description_enable":false,"description":null,"placeholder_enable":false,"placeholder":null,"display":"select","restrictions_type":"any_text","adjust_price":true,"price":"960","price_type":"quantity_based","restrictions":false,"min":"0","max":"0","options":[],"id":1725702035},{"name":"Guide audio par personne \u00e0 partir de 4 ans","type":"input_multiplier","position":2,"required":false,"title_format":"label","default":"","description_enable":false,"description":null,"placeholder_enable":false,"placeholder":null,"display":"select","restrictions_type":"any_text","adjust_price":true,"price":"145","price_type":"quantity_based","restrictions":false,"min":"0","max":"0","options":[],"id":1726085265},{"name":"Arri\u00e8re de la maison par personne \u00e0 partir de 4 ans","type":"input_multiplier","position":3,"required":false,"title_format":"label","default":"","description_enable":false,"description":null,"placeholder_enable":false,"placeholder":null,"display":"select","restrictions_type":"any_text","adjust_price":true,"price":"520","price_type":"quantity_based","restrictions":false,"min":"0","max":"0","options":[],"id":1726085266},{"name":"Visite guid\u00e9e, taille maximum du groupe : 4 personnes par groupe","type":"input_multiplier","position":4,"required":false,"title_format":"label","default":"","description_enable":false,"description":null,"placeholder_enable":false,"placeholder":null,"display":"select","restrictions_type":"any_text","adjust_price":true,"price":"250","price_type":"quantity_based","restrictions":false,"min":"0","max":"0","options":[],"id":1726085267},{"name":"Alimentation instantan\u00e9e par personne \u00e0 partir de 4 ans","type":"input_multiplier","position":5,"required":false,"title_format":"label","default":"","description_enable":false,"description":null,"placeholder_enable":false,"placeholder":null,"display":"select","restrictions_type":"any_text","adjust_price":true,"price":"200","price_type":"quantity_based","restrictions":false,"min":"0","max":"0","options":[],"id":1726085268},{"name":"Cabine photo Par personne \u00e0 partir de 4 ans","type":"input_multiplier","position":6,"required":false,"title_format":"label","default":"","description_enable":false,"description":null,"placeholder_enable":false,"placeholder":null,"display":"select","restrictions_type":"any_text","adjust_price":true,"price":"150","price_type":"quantity_based","restrictions":false,"min":"0","max":"0","options":[],"id":1726085270},{"name":"Nourrir les requins Par personne \u00e0 partir de 8 ans - Surveillance d'un adulte obligatoire","type":"input_multiplier","position":7,"required":false,"title_format":"label","default":"","description_enable":false,"description":null,"placeholder_enable":false,"placeholder":null,"display":"select","restrictions_type":"any_text","adjust_price":true,"price":"1100","price_type":"quantity_based","restrictions":false,"min":"0","max":"0","options":[],"id":1726085272},{"name":"Dormir avec les requins Par personne","type":"input_multiplier","position":8,"required":false,"title_format":"label","default":"","description_enable":false,"description":null,"placeholder_enable":false,"placeholder":null,"display":"select","restrictions_type":"any_text","adjust_price":true,"price":"3500","price_type":"quantity_based","restrictions":false,"min":"0","max":"0","options":[],"id":1726085275},{"name":"Date de r\u00e9servation","type":"custom_text","position":0,"required":true,"title_format":"label","default":"","description_enable":false,"description":"","placeholder_enable":false,"placeholder":"","display":"select","restrictions_type":"any_text","adjust_price":false,"price":"","price_type":"flat_fee","restrictions":false,"min":"0","max":"0","options":[],"id":1669760350}],"acf":[],"_links":{"self":[{"href":"https:\/\/takeabreath.mu\/fr\/wp-json\/wp\/v2\/product\/7040","targetHints":{"allow":["GET"]}}],"collection":[{"href":"https:\/\/takeabreath.mu\/fr\/wp-json\/wp\/v2\/product"}],"about":[{"href":"https:\/\/takeabreath.mu\/fr\/wp-json\/wp\/v2\/types\/product"}],"replies":[{"embeddable":true,"href":"https:\/\/takeabreath.mu\/fr\/wp-json\/wp\/v2\/comments?post=7040"}],"wp:featuredmedia":[{"embeddable":true,"href":"https:\/\/takeabreath.mu\/fr\/wp-json\/wp\/v2\/media\/7039"}],"wp:attachment":[{"href":"https:\/\/takeabreath.mu\/fr\/wp-json\/wp\/v2\/media?parent=7040"}],"wp:term":[{"taxonomy":"product_brand","embeddable":true,"href":"https:\/\/takeabreath.mu\/fr\/wp-json\/wp\/v2\/product_brand?post=7040"},{"taxonomy":"product_cat","embeddable":true,"href":"https:\/\/takeabreath.mu\/fr\/wp-json\/wp\/v2\/product_cat?post=7040"},{"taxonomy":"product_tag","embeddable":true,"href":"https:\/\/takeabreath.mu\/fr\/wp-json\/wp\/v2\/product_tag?post=7040"}],"curies":[{"name":"wp","href":"https:\/\/api.w.org\/{rel}","templated":true}]}}