{"id":7012,"date":"2024-10-01T16:03:39","date_gmt":"2024-10-01T12:03:39","guid":{"rendered":"https:\/\/takeabreath.mu\/product\/la-vallee-des-23-couleurs-visite-quad-tyrolienne-pont-nepalais\/"},"modified":"2025-11-18T21:01:27","modified_gmt":"2025-11-18T17:01:27","slug":"vallequadtyroliennemaurice","status":"publish","type":"product","link":"https:\/\/takeabreath.mu\/fr\/produits\/vallequadtyroliennemaurice\/","title":{"rendered":"Valle &#8211; Visite, Quad, Tyrolienne, Pont N\u00e9palais"},"content":{"rendered":"<p>La Vall\u00e9, anciennement La Vall\u00e9e des Couleurs Nature Park, \u00e0 Maurice, est devenue une attraction touristique populaire depuis la d\u00e9couverte de ses 23 terres color\u00e9es en 1998. Ce parc naturel offre une exp\u00e9rience unique aux amateurs de nature, mettant en valeur la faune et la flore indig\u00e8nes, en faisant une destination incontournable pour les amoureux de la nature. Les visiteurs peuvent explorer une vari\u00e9t\u00e9 de paysages naturels, y compris des plateaux, des montagnes, des vall\u00e9es, des cascades, des crat\u00e8res et des lacs de crat\u00e8re, tout en profitant d&#8217;une vue panoramique sur la c\u00f4te sud.<\/p>\n<p>Le voyage commence par une salle d&#8217;exposition mettant en valeur les merveilles du parc, suivie d&#8217;une visite du jardin de foug\u00e8res enchanteur, avec des foug\u00e8res arborescentes, des orchid\u00e9es sauvages et des fleurs indig\u00e8nes comme la Trochetia et le Bouquet Banane. Le parc abrite \u00e9galement une faune diversifi\u00e9e, y compris des tortues, des singes, des cerfs, des poissons et diverses esp\u00e8ces d&#8217;oiseaux.<\/p>\n<div id=\"erdyt-69e9062a372ae\" data-id=\"1WKegIEz41E\" class=\"erd-youtube-responsive\" style=\"display:block;position:relative;clear:both;width:100%;max-width:100%;margin-left:auto;margin-right:auto;\"><div style=\"padding-bottom:56.25%;\"><div class=\"erd-ytplay\" id=\"erdytp-1WKegIEz41E-69e9062a372ae\" data-vid=\"1WKegIEz41E\"   data-src=\"https:\/\/www.youtube.com\/embed\/1WKegIEz41E?loop=1&#038;autoplay=1&#038;rel=0\" data-allowfullscreen=\"true\"><img decoding=\"async\" src=\"https:\/\/i.ytimg.com\/vi\/1WKegIEz41E\/hqdefault.jpg\" alt=\"YouTube Video\" \/><\/div><\/div><\/div>\n","protected":false},"excerpt":{"rendered":"<p>La Vall\u00e9, anciennement La Vall\u00e9e des Couleurs Nature Park, \u00e0 Maurice, est devenue une attraction touristique populaire depuis la d\u00e9couverte de ses 23 terres color\u00e9es en 1998. Ce parc naturel offre une exp\u00e9rience unique aux amateurs de nature, mettant en valeur la faune et la flore indig\u00e8nes, en faisant une destination incontournable pour les amoureux [&hellip;]<\/p>\n","protected":false},"featured_media":6920,"comment_status":"closed","ping_status":"closed","template":"","meta":{"_acf_changed":false},"product_brand":[],"product_cat":[1400],"product_tag":[],"class_list":{"0":"post-7012","1":"product","2":"type-product","3":"status-publish","4":"has-post-thumbnail","6":"product_cat-itineraire-du-sud","7":"country-maurice","9":"first","10":"instock","11":"virtual","12":"purchasable","13":"product-type-simple"},"exclude_global_add_ons":false,"addons":[{"name":"Frais d'admission obligatoires par personne de plus de 12 ans","type":"input_multiplier","position":0,"required":true,"title_format":"label","default":"","description_enable":false,"description":"","placeholder_enable":false,"placeholder":"","display":"select","restrictions_type":"any_text","adjust_price":true,"price":"500","price_type":"quantity_based","restrictions":false,"min":"0","max":"0","options":[],"id":1727797590},{"name":"Frais d'admission obligatoires par personne de 6 \u00e0 11,99 ans","type":"input_multiplier","position":1,"required":false,"title_format":"label","default":"","description_enable":false,"description":"","placeholder_enable":false,"placeholder":"","display":"select","restrictions_type":"any_text","adjust_price":true,"price":"300","price_type":"quantity_based","restrictions":false,"min":"0","max":"0","options":[],"id":1727797591},{"name":"D\u00e9couverte Quad Standard pour 1 heure Simple","type":"input_multiplier","position":2,"required":false,"title_format":"label","default":"","description_enable":true,"description":"Par Quad 450cc","placeholder_enable":false,"placeholder":"","display":"select","restrictions_type":"any_text","adjust_price":true,"price":"3250","price_type":"quantity_based","restrictions":false,"min":"0","max":"0","options":[],"id":1727798422},{"name":"D\u00e9couverte Quad Standard pour 1 heure Double","type":"input_multiplier","position":3,"required":false,"title_format":"label","default":"","description_enable":true,"description":"Par Quad 450cc","placeholder_enable":false,"placeholder":"","display":"select","restrictions_type":"any_text","adjust_price":true,"price":"4375","price_type":"quantity_based","restrictions":false,"min":"0","max":"0","options":[],"id":1727798423},{"name":"Aventure Quad Standard pour 1 heure Simple","type":"input_multiplier","position":4,"required":false,"title_format":"label","default":"","description_enable":true,"description":"Par Quad 450cc","placeholder_enable":false,"placeholder":"","display":"select","restrictions_type":"any_text","adjust_price":true,"price":"3625","price_type":"quantity_based","restrictions":false,"min":"0","max":"0","options":[],"id":1727798426},{"name":"Aventure Quad Standard pour 1 heure Double","type":"input_multiplier","position":5,"required":false,"title_format":"label","default":"","description_enable":true,"description":"Par Quad 450cc","placeholder_enable":false,"placeholder":"","display":"select","restrictions_type":"any_text","adjust_price":true,"price":"4750","price_type":"quantity_based","restrictions":false,"min":"0","max":"0","options":[],"id":1727798427},{"name":"1 Tyrolienne 500m - The Plunge","type":"input_multiplier","position":6,"required":false,"title_format":"label","default":"","description_enable":false,"description":"Age Minimum - 6 ans \/ Hauteur Minimum - 1m40cm \/ Poids Minimum - 40kg, Poids Maximum 150kg","placeholder_enable":false,"placeholder":"","display":"select","restrictions_type":"any_text","adjust_price":true,"price":"1350","price_type":"quantity_based","restrictions":false,"min":"0","max":"0","options":[],"id":1742121693},{"name":"2 Tyroliennes 300m - La Cascade","type":"input_multiplier","position":7,"required":false,"title_format":"label","default":"","description_enable":false,"description":"","placeholder_enable":false,"placeholder":"","display":"select","restrictions_type":"any_text","adjust_price":true,"price":"1850","price_type":"quantity_based","restrictions":false,"min":"0","max":"0","options":[],"id":1742121694},{"name":"1 Zipline 1.5km - La Signature","type":"input_multiplier","position":8,"required":false,"title_format":"label","default":"","description_enable":false,"description":"","placeholder_enable":false,"placeholder":"","display":"select","restrictions_type":"any_text","adjust_price":true,"price":"2700","price_type":"quantity_based","restrictions":false,"min":"0","max":"0","options":[],"id":1742121876},{"name":"6 Ziplines 2.4Km - L'Aventure","type":"input_multiplier","position":9,"required":false,"title_format":"label","default":"","description_enable":false,"description":"","placeholder_enable":false,"placeholder":"","display":"select","restrictions_type":"any_text","adjust_price":true,"price":"2625","price_type":"quantity_based","restrictions":false,"min":"0","max":"0","options":[],"id":1742121877},{"name":"Bicycle Zipline a V\u00e9lo 200m","type":"input_multiplier","position":10,"required":false,"title_format":"label","default":"","description_enable":false,"description":"","placeholder_enable":false,"placeholder":"","display":"select","restrictions_type":"any_text","adjust_price":true,"price":"1325","price_type":"quantity_based","restrictions":false,"min":"0","max":"0","options":[],"id":1742123045},{"name":"Pont N\u00e9palais 350m","type":"input_multiplier","position":11,"required":false,"title_format":"label","default":"","description_enable":false,"description":"","placeholder_enable":false,"placeholder":"","display":"select","restrictions_type":"any_text","adjust_price":true,"price":"1250","price_type":"quantity_based","restrictions":false,"min":"0","max":"0","options":[],"id":1742123046},{"name":"Date de r\u00e9servation","type":"custom_text","position":0,"required":true,"title_format":"label","default":"","description_enable":false,"description":"","placeholder_enable":false,"placeholder":"","display":"select","restrictions_type":"any_text","adjust_price":false,"price":"","price_type":"flat_fee","restrictions":false,"min":"0","max":"0","options":[],"id":1669760350}],"acf":[],"_links":{"self":[{"href":"https:\/\/takeabreath.mu\/fr\/wp-json\/wp\/v2\/product\/7012","targetHints":{"allow":["GET"]}}],"collection":[{"href":"https:\/\/takeabreath.mu\/fr\/wp-json\/wp\/v2\/product"}],"about":[{"href":"https:\/\/takeabreath.mu\/fr\/wp-json\/wp\/v2\/types\/product"}],"replies":[{"embeddable":true,"href":"https:\/\/takeabreath.mu\/fr\/wp-json\/wp\/v2\/comments?post=7012"}],"wp:featuredmedia":[{"embeddable":true,"href":"https:\/\/takeabreath.mu\/fr\/wp-json\/wp\/v2\/media\/6920"}],"wp:attachment":[{"href":"https:\/\/takeabreath.mu\/fr\/wp-json\/wp\/v2\/media?parent=7012"}],"wp:term":[{"taxonomy":"product_brand","embeddable":true,"href":"https:\/\/takeabreath.mu\/fr\/wp-json\/wp\/v2\/product_brand?post=7012"},{"taxonomy":"product_cat","embeddable":true,"href":"https:\/\/takeabreath.mu\/fr\/wp-json\/wp\/v2\/product_cat?post=7012"},{"taxonomy":"product_tag","embeddable":true,"href":"https:\/\/takeabreath.mu\/fr\/wp-json\/wp\/v2\/product_tag?post=7012"}],"curies":[{"name":"wp","href":"https:\/\/api.w.org\/{rel}","templated":true}]}}