{"id":3252,"date":"2023-03-30T09:18:46","date_gmt":"2023-03-30T05:18:46","guid":{"rendered":"https:\/\/takeabreath.mu\/terms-and-conditions\/"},"modified":"2024-09-06T15:09:41","modified_gmt":"2024-09-06T11:09:41","slug":"terms-and-conditions","status":"publish","type":"page","link":"https:\/\/takeabreath.mu\/fr\/terms-and-conditions\/","title":{"rendered":"Termes et conditions"},"content":{"rendered":"\t\t<div data-elementor-type=\"wp-page\" data-elementor-id=\"3252\" class=\"elementor elementor-3252 elementor-3189\" data-elementor-post-type=\"page\">\n\t\t\t\t<div class=\"elementor-element elementor-element-1007eca e-con-full e-flex e-con e-parent\" data-id=\"1007eca\" data-element_type=\"container\" data-e-type=\"container\">\n\t\t<div class=\"elementor-element elementor-element-e53642b e-flex e-con-boxed e-con e-child\" data-id=\"e53642b\" data-element_type=\"container\" data-e-type=\"container\" data-settings=\"{&quot;background_background&quot;:&quot;classic&quot;}\">\n\t\t\t\t\t<div class=\"e-con-inner\">\n\t\t\t\t<div class=\"elementor-element elementor-element-b4761ff elementor-widget elementor-widget-heading\" data-id=\"b4761ff\" data-element_type=\"widget\" data-e-type=\"widget\" data-widget_type=\"heading.default\">\n\t\t\t\t<div class=\"elementor-widget-container\">\n\t\t\t\t\t<h2 class=\"elementor-heading-title elementor-size-default\">Termes and conditions<\/h2>\t\t\t\t<\/div>\n\t\t\t\t<\/div>\n\t\t\t\t\t<\/div>\n\t\t\t\t<\/div>\n\t\t\t\t<\/div>\n\t\t\t\t<section class=\"elementor-section elementor-top-section elementor-element elementor-element-4310aa13 elementor-section-boxed elementor-section-height-default elementor-section-height-default\" data-id=\"4310aa13\" data-element_type=\"section\" data-e-type=\"section\">\n\t\t\t\t\t\t<div class=\"elementor-container elementor-column-gap-default\">\n\t\t\t\t\t<div class=\"elementor-column elementor-col-100 elementor-top-column elementor-element elementor-element-680ceede\" data-id=\"680ceede\" data-element_type=\"column\" data-e-type=\"column\">\n\t\t\t<div class=\"elementor-widget-wrap elementor-element-populated\">\n\t\t\t\t\t\t<div class=\"elementor-element elementor-element-6ee823c2 elementor-widget elementor-widget-text-editor\" data-id=\"6ee823c2\" data-element_type=\"widget\" data-e-type=\"widget\" data-widget_type=\"text-editor.default\">\n\t\t\t\t<div class=\"elementor-widget-container\">\n\t\t\t\t\t\t\t\t\t<h2>RELAX MAX LTD [Takeabreath.mu]<\/h2><h3>Introduction \u2013 L\u00e9gal &amp; Responsabilit\u00e9<\/h3><p>Takeabreath.mu est une entit\u00e9 commerciale agissant en tant qu&#8217;interm\u00e9diaire entre les clients et les prestataires de services. Takeabreath.mu ne saurait \u00eatre tenu responsable de quelque mani\u00e8re que ce soit pour toute omission et\/ou commission de n\u00e9gligence, fraude, vol, blessure personnelle et\/ou toute autre &#8220;faute&#8221; dans le cadre des services fournis par le prestataire de services ou ses &#8220;pr\u00e9pos\u00e9s&#8221;.<\/p><h3>Termes et Conditions<\/h3><p>Les termes et conditions, tels que stipul\u00e9s ici, peuvent \u00eatre modifi\u00e9s de temps \u00e0 autre sans pr\u00e9avis et s&#8217;appliqueront \u00e0 tous les services directement ou indirectement, via des prestataires de services disponibles en ligne, via tout appareil mobile, par email ou par t\u00e9l\u00e9phone. En acc\u00e9dant \u00e0 notre site web (mobile), en le parcourant et en l&#8217;utilisant, et\/ou en compl\u00e9tant une r\u00e9servation, vous reconnaissez et acceptez avoir lu, compris et accept\u00e9 les termes et conditions \u00e9nonc\u00e9s ci-dessous (y compris la d\u00e9claration de confidentialit\u00e9).<\/p><p>Le moteur de publicit\u00e9 en ligne et de r\u00e9servation fourni sur le site est la propri\u00e9t\u00e9 de Relax Max Ltd et est fourni pour votre usage personnel et non commercial, sous r\u00e9serve des termes et conditions \u00e9nonc\u00e9s ci-dessous. Les prestataires de services peuvent avoir, d\u00e9clarer applicables et\/ou exiger l&#8217;acceptation, en plus des politiques divulgu\u00e9es sur le site, de leurs propres termes et conditions et r\u00e8gles internes pour l&#8217;utilisation, l&#8217;acc\u00e8s et la consommation du service, et Takeabreath.mu ne saurait \u00eatre responsable de toute omission et\/ou commission de toute &#8220;faute&#8221;, n\u00e9gligence et\/ou de tout crime commis par les employ\u00e9s des prestataires de services et\/ou leurs &#8220;pr\u00e9pos\u00e9s&#8221;.<\/p><p>&#8220;Prestataire de services&#8221; d\u00e9signe le fournisseur de transport (par exemple, location de voitures, trajets en a\u00e9roport, bus) et inclut toute autre attraction touristique et \u00e9v\u00e9nements ou services connexes disponibles pour r\u00e9servation sur la Plateforme.<\/p><h3>Port\u00e9e et Nature de Nos Services<\/h3><p>Par le biais de cette plateforme, takeabreath.mu fournit une plateforme en ligne permettant aux prestataires de services, dans le cadre de leur activit\u00e9 professionnelle, de faire la publicit\u00e9, de vendre, de promouvoir et\/ou d&#8217;offrir leurs services \u00e0 la commande, \u00e0 l&#8217;achat, \u00e0 la r\u00e9servation, \u00e0 la location ou \u00e0 la location, et aux visiteurs de la Plateforme de d\u00e9couvrir, rechercher, comparer et effectuer une commande, une r\u00e9servation, un achat ou un paiement. En passant une commande, un achat, une r\u00e9servation, une location ou une location, vous entrez dans une relation contractuelle directe avec le prestataire de services. Takeabreath.mu agit uniquement en tant qu&#8217;interm\u00e9diaire entre vous et le prestataire de services, transmettant les d\u00e9tails pertinents de votre commande, achat, r\u00e9servation, location ou location au(x) prestataire(s) de services concern\u00e9(s) et vous envoyant un email de confirmation pour et au nom du prestataire de services. Takeabreath.mu ne vend, ne loue, ni n&#8217;offre directement de services aux clients et, \u00e0 ce titre, ne saurait \u00eatre tenu responsable.<\/p><p>Les informations que nous divulguons sont obtenues et bas\u00e9es sur les informations fournies par les prestataires de services qui font la publicit\u00e9 sur notre plateforme. En tant que tel, ce sont les prestataires de services qui commercialisent et promeuvent leurs services sur la plateforme et ils sont pleinement responsables de la mise \u00e0 jour de tous les tarifs, frais, prix, disponibilit\u00e9s, politiques, conditions et autres informations pertinentes affich\u00e9es sur notre Plateforme. Bien que nous utilisions des comp\u00e9tences et un soin raisonnables, nous ne pouvons garantir que toutes les informations sont exactes, compl\u00e8tes ou correctes, ni \u00eatre tenus responsables de toute erreur (y compris des erreurs manifestes et typographiques), de toute interruption (qu&#8217;elle soit due \u00e0 une panne (temporaire et\/ou partielle), une r\u00e9paration, une mise \u00e0 jour ou une maintenance de notre Plateforme ou autre), d&#8217;informations inexactes, trompeuses ou fausses, ni de la non-d\u00e9livrance d&#8217;informations. Chaque prestataire de services reste responsable en tout temps de l&#8217;exactitude, de l&#8217;exhaustivit\u00e9 et de la justesse des informations (descriptives) (y compris les tarifs, frais, prix, politiques, conditions et disponibilit\u00e9s) affich\u00e9es sur notre Plateforme. Notre Plateforme ne constitue pas et ne doit pas \u00eatre consid\u00e9r\u00e9e comme une recommandation ou une approbation de la qualit\u00e9, du niveau de service ou de la qualification de tout prestataire de services rendu disponible, sauf indication ou stipulation contraire explicite.<\/p><h3>Clause de non-responsabilit\u00e9<\/h3><p>Ni takeabreath.mu ni ses affili\u00e9s et\/ou ses administrateurs, dirigeants, &#8216;pr\u00e9pos\u00e9s&#8217; et agents, et\/ou sa soci\u00e9t\u00e9 m\u00e8re, ses filiales et soci\u00e9t\u00e9s s\u0153urs et\/ou leurs administrateurs, dirigeants, &#8216;pr\u00e9pos\u00e9s&#8217; et agents respectifs, agissant en cette qualit\u00e9 ou en leur nom personnel, ne seront responsables de :<\/p><ol><li>Tous dommages, y compris les blessures corporelles et la mort subies par vous et tout tiers r\u00e9sultant de ou en lien avec les services fournis par les prestataires de services, que ce soit ou non caus\u00e9 par les actes et\/ou omissions et\/ou n\u00e9gligence et\/ou mauvaise conduite et\/ou fausses d\u00e9clarations des prestataires de services ;<\/li><li>Tous dommages dus \u00e0 toute inexactitude relative aux informations (y compris les tarifs, disponibilit\u00e9s et \u00e9valuations) du prestataire de services telles que mises \u00e0 disposition sur la Plateforme ;<\/li><li>Tous dommages ou pertes subies en raison de toute annulation, surr\u00e9servation, gr\u00e8ve, force majeure ou tout autre \u00e9v\u00e9nement hors de notre contr\u00f4le ;<\/li><li>Tous dommages ou pertes subies suite \u00e0, d\u00e9coulant de ou en lien avec l&#8217;utilisation, l&#8217;incapacit\u00e9 d&#8217;utiliser ou le retard de la Plateforme.<\/li><\/ol><p>\u00a0<\/p><p>Takeabreath.mu ne saurait \u00eatre responsable de l&#8217;utilisation, de la validit\u00e9, de la qualit\u00e9, de la pertinence des services offerts par les prestataires de services et ne fait aucune d\u00e9claration, garantie ou condition de quelque nature que ce soit \u00e0 cet \u00e9gard, qu&#8217;elles soient implicites ou autres. Vous reconnaissez et acceptez que le prestataire de services concern\u00e9 est seul responsable et assume toute responsabilit\u00e9 \u00e0 l&#8217;\u00e9gard des services qu&#8217;il offre (y compris toute garantie et d\u00e9claration faite par le prestataire de services) et vous reconnaissez par les pr\u00e9sentes que takeabreath.mu ne saurait \u00eatre tenu responsable de tout dommage li\u00e9 aux services offerts par les prestataires de services.<\/p><p>De plus, vous vous engagez \u00e0 tenir indemne takeabreath.mu et\/ou ses administrateurs, dirigeants, &#8216;pr\u00e9pos\u00e9s&#8217; et agents, et\/ou sa soci\u00e9t\u00e9 m\u00e8re, ses filiales et soci\u00e9t\u00e9s s\u0153urs et\/ou leurs administrateurs, dirigeants, &#8216;pr\u00e9pos\u00e9s&#8217; et agents, agissant en cette qualit\u00e9 ou en leur nom personnel, de toute r\u00e9clamation d\u00e9coulant de ou en lien avec les services fournis par les prestataires de services.<\/p><h3>Confidentialit\u00e9 et Cookies<\/h3><p>Takeabreath.mu respecte votre vie priv\u00e9e. Nous vous recommandons de lire la politique de confidentialit\u00e9 de Takeabreath.mu pour plus d&#8217;informations.<\/p><h3>Protection des Donn\u00e9es<\/h3><p>En achetant, r\u00e9servant, louant ou embauchant les services des prestataires via takeabreath.mu, vous consentez par les pr\u00e9sentes \u00e0 ce que takeabreath.mu collecte, enregistre et traite vos donn\u00e9es personnelles pour traiter vos commandes, faciliter l&#8217;enregistrement et suivre avec les prestataires de services. Toutes les donn\u00e9es sont collect\u00e9es l\u00e9galement, conform\u00e9ment \u00e0 la loi sur la protection des donn\u00e9es.<\/p><h3>Loi applicable, juridiction et r\u00e9solution des litiges<\/h3><p>Les termes \u00e9nonc\u00e9s ici seront r\u00e9gis et interpr\u00e9t\u00e9s conform\u00e9ment aux lois de la R\u00e9publique de Maurice. Les tribunaux de Maurice auront comp\u00e9tence exclusive pour tout litige.<\/p><p><b><i>Takeabreath.mu<br \/>Tous droits r\u00e9serv\u00e9s.<\/i><\/b><\/p>\t\t\t\t\t\t\t\t<\/div>\n\t\t\t\t<\/div>\n\t\t\t\t\t<\/div>\n\t\t<\/div>\n\t\t\t\t\t<\/div>\n\t\t<\/section>\n\t\t\t\t<\/div>\n\t\t","protected":false},"excerpt":{"rendered":"<p>Termes and conditions RELAX MAX LTD [Takeabreath.mu] Introduction \u2013 L\u00e9gal &amp; Responsabilit\u00e9 Takeabreath.mu est une entit\u00e9 commerciale agissant en tant qu&#8217;interm\u00e9diaire entre les clients et les prestataires de services. Takeabreath.mu ne saurait \u00eatre tenu responsable de quelque mani\u00e8re que ce soit pour toute omission et\/ou commission de n\u00e9gligence, fraude, vol, blessure personnelle et\/ou toute autre [&hellip;]<\/p>\n","protected":false},"author":1,"featured_media":0,"parent":0,"menu_order":0,"comment_status":"closed","ping_status":"closed","template":"elementor_header_footer","meta":{"_acf_changed":false,"footnotes":""},"class_list":["post-3252","page","type-page","status-publish","hentry"],"acf":[],"_links":{"self":[{"href":"https:\/\/takeabreath.mu\/fr\/wp-json\/wp\/v2\/pages\/3252","targetHints":{"allow":["GET"]}}],"collection":[{"href":"https:\/\/takeabreath.mu\/fr\/wp-json\/wp\/v2\/pages"}],"about":[{"href":"https:\/\/takeabreath.mu\/fr\/wp-json\/wp\/v2\/types\/page"}],"author":[{"embeddable":true,"href":"https:\/\/takeabreath.mu\/fr\/wp-json\/wp\/v2\/users\/1"}],"replies":[{"embeddable":true,"href":"https:\/\/takeabreath.mu\/fr\/wp-json\/wp\/v2\/comments?post=3252"}],"version-history":[{"count":23,"href":"https:\/\/takeabreath.mu\/fr\/wp-json\/wp\/v2\/pages\/3252\/revisions"}],"predecessor-version":[{"id":6597,"href":"https:\/\/takeabreath.mu\/fr\/wp-json\/wp\/v2\/pages\/3252\/revisions\/6597"}],"wp:attachment":[{"href":"https:\/\/takeabreath.mu\/fr\/wp-json\/wp\/v2\/media?parent=3252"}],"curies":[{"name":"wp","href":"https:\/\/api.w.org\/{rel}","templated":true}]}}